{"id":34134,"date":"2026-04-06T11:09:36","date_gmt":"2026-04-06T10:09:36","guid":{"rendered":"https:\/\/www.octopus-rk.cz\/produkt\/led-hlava-40w-e-o\/"},"modified":"2026-04-12T14:04:14","modified_gmt":"2026-04-12T13:04:14","slug":"led-hlava-40w-e-o","status":"publish","type":"product","link":"https:\/\/www.octopus-rk.cz\/en\/produkt\/led-hlava-40w-e-o\/","title":{"rendered":"Yellow Diving LED Hlava 40W E\/O"},"content":{"rendered":"<h3 data-path-to-node=\"6\">LED Hlava Yellow Diving 40W<\/h3>\n<p data-path-to-node=\"7\">Vysoce v\u00fdkonn\u00e1 hlava pro n\u00e1ro\u010dn\u00e9 technick\u00e9 ponory a pr\u016fzkum vrak\u016f \u010di jeskyn\u00ed, kde je pot\u0159eba prosv\u00edtit i ty nejtemn\u011bj\u0161\u00ed prostory.<\/p>\n<ul data-path-to-node=\"8\">\n<li>\n<p data-path-to-node=\"8,0,0\"><b data-path-to-node=\"8,0,0\" data-index-in-node=\"0\">Sv\u011bteln\u00fd v\u00fdkon:<\/b> 40 W LED (cca 4000 lumen\u016f) \u2013 extr\u00e9mn\u00ed sv\u00edtivost. &#x1f525;<\/p>\n<\/li>\n<li>\n<p data-path-to-node=\"8,1,0\"><b data-path-to-node=\"8,1,0\" data-index-in-node=\"0\">\u00dahel sv\u00edcen\u00ed:<\/b> Fixn\u00ed 6\u00b0 pro maxim\u00e1ln\u00ed dosvit a jasnou komunikaci v t\u00fdmu.<\/p>\n<\/li>\n<li>\n<p data-path-to-node=\"8,2,0\"><b data-path-to-node=\"8,2,0\" data-index-in-node=\"0\">Odolnost:<\/b> Navr\u017eeno pro pr\u00e1ci v hloubk\u00e1ch a\u017e 150 m. &#x1f30a;<\/p>\n<\/li>\n<li>\n<p data-path-to-node=\"8,3,0\"><b data-path-to-node=\"8,3,0\" data-index-in-node=\"0\">Modularita:<\/b> Kompatibiln\u00ed se v\u0161emi kanystry Yellow Diving vybaven\u00fdmi E\/O v\u00fdstupem.<\/p>\n<\/li>\n<\/ul>\n","protected":false},"excerpt":{"rendered":"<p data-path-to-node=\"7\">Vysoce v\u00fdkonn\u00e1 hlava pro n\u00e1ro\u010dn\u00e9 technick\u00e9 ponory a pr\u016fzkum vrak\u016f \u010di jeskyn\u00ed, kde je pot\u0159eba prosv\u00edtit i ty nejtemn\u011bj\u0161\u00ed prostory.<\/p>\n","protected":false},"featured_media":34163,"comment_status":"open","ping_status":"closed","template":"","meta":[],"product_cat":[39,37],"product_tag":[100],"yoast_head":"<!-- This site is optimized with the Yoast SEO plugin v20.1 - https:\/\/yoast.com\/wordpress\/plugins\/seo\/ -->\n<title>Yellow Diving LED Hlava 40W E\/O - Octopus-rk.cz - \u0161kola pot\u00e1p\u011bn\u00ed, Dive-Xtras, XAdventurer<\/title>\n<meta name=\"robots\" content=\"index, follow, max-snippet:-1, max-image-preview:large, max-video-preview:-1\" \/>\n<link rel=\"canonical\" href=\"https:\/\/www.octopus-rk.cz\/produkt\/led-hlava-40w-e-o\/\" \/>\n<meta property=\"og:locale\" content=\"en_GB\" \/>\n<meta property=\"og:type\" content=\"article\" \/>\n<meta property=\"og:title\" content=\"Yellow Diving LED Hlava 40W E\/O - Octopus-rk.cz - \u0161kola pot\u00e1p\u011bn\u00ed, Dive-Xtras, XAdventurer\" \/>\n<meta property=\"og:description\" content=\"Vysoce v\u00fdkonn\u00e1 hlava pro n\u00e1ro\u010dn\u00e9 technick\u00e9 ponory a pr\u016fzkum vrak\u016f \u010di jeskyn\u00ed, kde je pot\u0159eba prosv\u00edtit i ty nejtemn\u011bj\u0161\u00ed prostory.\" \/>\n<meta property=\"og:url\" content=\"https:\/\/www.octopus-rk.cz\/produkt\/led-hlava-40w-e-o\/\" \/>\n<meta property=\"og:site_name\" content=\"Octopus-rk.cz - \u0161kola pot\u00e1p\u011bn\u00ed, Dive-Xtras, XAdventurer\" \/>\n<meta property=\"article:publisher\" content=\"https:\/\/www.facebook.com\/octopusrk\" \/>\n<meta property=\"article:modified_time\" content=\"2026-04-12T13:04:14+00:00\" \/>\n<meta property=\"og:image\" content=\"https:\/\/www.octopus-rk.cz\/wp-content\/uploads\/2026\/04\/5f05f601-093d-441d-90b9-97b85adfe3ed.png\" \/>\n\t<meta property=\"og:image:width\" content=\"2048\" \/>\n\t<meta property=\"og:image:height\" content=\"2048\" \/>\n\t<meta property=\"og:image:type\" content=\"image\/png\" \/>\n<meta name=\"twitter:card\" content=\"summary_large_image\" \/>\n<meta name=\"twitter:label1\" content=\"Est. reading time\" \/>\n\t<meta name=\"twitter:data1\" content=\"1 minute\" \/>\n<script type=\"application\/ld+json\" class=\"yoast-schema-graph\">{\"@context\":\"https:\/\/schema.org\",\"@graph\":[{\"@type\":\"WebPage\",\"@id\":\"https:\/\/www.octopus-rk.cz\/produkt\/led-hlava-40w-e-o\/\",\"url\":\"https:\/\/www.octopus-rk.cz\/produkt\/led-hlava-40w-e-o\/\",\"name\":\"Yellow Diving LED Hlava 40W E\/O - Octopus-rk.cz - \u0161kola pot\u00e1p\u011bn\u00ed, Dive-Xtras, XAdventurer\",\"isPartOf\":{\"@id\":\"https:\/\/www.octopus-rk.cz\/#website\"},\"datePublished\":\"2026-04-06T10:09:36+00:00\",\"dateModified\":\"2026-04-12T13:04:14+00:00\",\"breadcrumb\":{\"@id\":\"https:\/\/www.octopus-rk.cz\/produkt\/led-hlava-40w-e-o\/#breadcrumb\"},\"inLanguage\":\"en-GB\",\"potentialAction\":[{\"@type\":\"ReadAction\",\"target\":[\"https:\/\/www.octopus-rk.cz\/produkt\/led-hlava-40w-e-o\/\"]}]},{\"@type\":\"BreadcrumbList\",\"@id\":\"https:\/\/www.octopus-rk.cz\/produkt\/led-hlava-40w-e-o\/#breadcrumb\",\"itemListElement\":[{\"@type\":\"ListItem\",\"position\":1,\"name\":\"Home\",\"item\":\"https:\/\/www.octopus-rk.cz\/\"},{\"@type\":\"ListItem\",\"position\":2,\"name\":\"Yellow Diving LED Hlava 40W E\/O\"}]},{\"@type\":\"WebSite\",\"@id\":\"https:\/\/www.octopus-rk.cz\/#website\",\"url\":\"https:\/\/www.octopus-rk.cz\/\",\"name\":\"Octopus-rk.cz - \u0161kola pot\u00e1p\u011bn\u00ed, Dive-Xtras, XAdventurer\",\"description\":\"pot\u00e1p\u011bn\u00ed, \u0161kola pot\u00e1p\u011bn\u00ed, kurzy pot\u00e1p\u011bn\u00ed, servis pot\u00e1p\u011b\u010dsk\u00e9 techniky,velkoobchod,maloobchod\",\"publisher\":{\"@id\":\"https:\/\/www.octopus-rk.cz\/#organization\"},\"potentialAction\":[{\"@type\":\"SearchAction\",\"target\":{\"@type\":\"EntryPoint\",\"urlTemplate\":\"https:\/\/www.octopus-rk.cz\/?s={search_term_string}\"},\"query-input\":\"required name=search_term_string\"}],\"inLanguage\":\"en-GB\"},{\"@type\":\"Organization\",\"@id\":\"https:\/\/www.octopus-rk.cz\/#organization\",\"name\":\"Octopus-rk.cz - \u0161kola pot\u00e1p\u011bn\u00ed, Dive-Xtras, XAdventurer\",\"url\":\"https:\/\/www.octopus-rk.cz\/\",\"logo\":{\"@type\":\"ImageObject\",\"inLanguage\":\"en-GB\",\"@id\":\"https:\/\/www.octopus-rk.cz\/#\/schema\/logo\/image\/\",\"url\":\"https:\/\/www.octopus-rk.cz\/wp-content\/uploads\/2022\/09\/cropped-favicon.png\",\"contentUrl\":\"https:\/\/www.octopus-rk.cz\/wp-content\/uploads\/2022\/09\/cropped-favicon.png\",\"width\":512,\"height\":512,\"caption\":\"Octopus-rk.cz - \u0161kola pot\u00e1p\u011bn\u00ed, Dive-Xtras, XAdventurer\"},\"image\":{\"@id\":\"https:\/\/www.octopus-rk.cz\/#\/schema\/logo\/image\/\"},\"sameAs\":[\"https:\/\/www.facebook.com\/octopusrk\"]}]}<\/script>\n<!-- \/ Yoast SEO plugin. -->","yoast_head_json":{"title":"Yellow Diving LED Hlava 40W E\/O - Octopus-rk.cz - \u0161kola pot\u00e1p\u011bn\u00ed, Dive-Xtras, XAdventurer","robots":{"index":"index","follow":"follow","max-snippet":"max-snippet:-1","max-image-preview":"max-image-preview:large","max-video-preview":"max-video-preview:-1"},"canonical":"https:\/\/www.octopus-rk.cz\/produkt\/led-hlava-40w-e-o\/","og_locale":"en_GB","og_type":"article","og_title":"Yellow Diving LED Hlava 40W E\/O - Octopus-rk.cz - \u0161kola pot\u00e1p\u011bn\u00ed, Dive-Xtras, XAdventurer","og_description":"Vysoce v\u00fdkonn\u00e1 hlava pro n\u00e1ro\u010dn\u00e9 technick\u00e9 ponory a pr\u016fzkum vrak\u016f \u010di jeskyn\u00ed, kde je pot\u0159eba prosv\u00edtit i ty nejtemn\u011bj\u0161\u00ed prostory.","og_url":"https:\/\/www.octopus-rk.cz\/produkt\/led-hlava-40w-e-o\/","og_site_name":"Octopus-rk.cz - \u0161kola pot\u00e1p\u011bn\u00ed, Dive-Xtras, XAdventurer","article_publisher":"https:\/\/www.facebook.com\/octopusrk","article_modified_time":"2026-04-12T13:04:14+00:00","og_image":[{"width":2048,"height":2048,"url":"https:\/\/www.octopus-rk.cz\/wp-content\/uploads\/2026\/04\/5f05f601-093d-441d-90b9-97b85adfe3ed.png","type":"image\/png"}],"twitter_card":"summary_large_image","twitter_misc":{"Est. reading time":"1 minute"},"schema":{"@context":"https:\/\/schema.org","@graph":[{"@type":"WebPage","@id":"https:\/\/www.octopus-rk.cz\/produkt\/led-hlava-40w-e-o\/","url":"https:\/\/www.octopus-rk.cz\/produkt\/led-hlava-40w-e-o\/","name":"Yellow Diving LED Hlava 40W E\/O - Octopus-rk.cz - \u0161kola pot\u00e1p\u011bn\u00ed, Dive-Xtras, XAdventurer","isPartOf":{"@id":"https:\/\/www.octopus-rk.cz\/#website"},"datePublished":"2026-04-06T10:09:36+00:00","dateModified":"2026-04-12T13:04:14+00:00","breadcrumb":{"@id":"https:\/\/www.octopus-rk.cz\/produkt\/led-hlava-40w-e-o\/#breadcrumb"},"inLanguage":"en-GB","potentialAction":[{"@type":"ReadAction","target":["https:\/\/www.octopus-rk.cz\/produkt\/led-hlava-40w-e-o\/"]}]},{"@type":"BreadcrumbList","@id":"https:\/\/www.octopus-rk.cz\/produkt\/led-hlava-40w-e-o\/#breadcrumb","itemListElement":[{"@type":"ListItem","position":1,"name":"Home","item":"https:\/\/www.octopus-rk.cz\/"},{"@type":"ListItem","position":2,"name":"Yellow Diving LED Hlava 40W E\/O"}]},{"@type":"WebSite","@id":"https:\/\/www.octopus-rk.cz\/#website","url":"https:\/\/www.octopus-rk.cz\/","name":"Octopus-rk.cz - \u0161kola pot\u00e1p\u011bn\u00ed, Dive-Xtras, XAdventurer","description":"pot\u00e1p\u011bn\u00ed, \u0161kola pot\u00e1p\u011bn\u00ed, kurzy pot\u00e1p\u011bn\u00ed, servis pot\u00e1p\u011b\u010dsk\u00e9 techniky,velkoobchod,maloobchod","publisher":{"@id":"https:\/\/www.octopus-rk.cz\/#organization"},"potentialAction":[{"@type":"SearchAction","target":{"@type":"EntryPoint","urlTemplate":"https:\/\/www.octopus-rk.cz\/?s={search_term_string}"},"query-input":"required name=search_term_string"}],"inLanguage":"en-GB"},{"@type":"Organization","@id":"https:\/\/www.octopus-rk.cz\/#organization","name":"Octopus-rk.cz - \u0161kola pot\u00e1p\u011bn\u00ed, Dive-Xtras, XAdventurer","url":"https:\/\/www.octopus-rk.cz\/","logo":{"@type":"ImageObject","inLanguage":"en-GB","@id":"https:\/\/www.octopus-rk.cz\/#\/schema\/logo\/image\/","url":"https:\/\/www.octopus-rk.cz\/wp-content\/uploads\/2022\/09\/cropped-favicon.png","contentUrl":"https:\/\/www.octopus-rk.cz\/wp-content\/uploads\/2022\/09\/cropped-favicon.png","width":512,"height":512,"caption":"Octopus-rk.cz - \u0161kola pot\u00e1p\u011bn\u00ed, Dive-Xtras, XAdventurer"},"image":{"@id":"https:\/\/www.octopus-rk.cz\/#\/schema\/logo\/image\/"},"sameAs":["https:\/\/www.facebook.com\/octopusrk"]}]}},"_links":{"self":[{"href":"https:\/\/www.octopus-rk.cz\/en\/wp-json\/wp\/v2\/product\/34134"}],"collection":[{"href":"https:\/\/www.octopus-rk.cz\/en\/wp-json\/wp\/v2\/product"}],"about":[{"href":"https:\/\/www.octopus-rk.cz\/en\/wp-json\/wp\/v2\/types\/product"}],"replies":[{"embeddable":true,"href":"https:\/\/www.octopus-rk.cz\/en\/wp-json\/wp\/v2\/comments?post=34134"}],"wp:featuredmedia":[{"embeddable":true,"href":"https:\/\/www.octopus-rk.cz\/en\/wp-json\/wp\/v2\/media\/34163"}],"wp:attachment":[{"href":"https:\/\/www.octopus-rk.cz\/en\/wp-json\/wp\/v2\/media?parent=34134"}],"wp:term":[{"taxonomy":"product_cat","embeddable":true,"href":"https:\/\/www.octopus-rk.cz\/en\/wp-json\/wp\/v2\/product_cat?post=34134"},{"taxonomy":"product_tag","embeddable":true,"href":"https:\/\/www.octopus-rk.cz\/en\/wp-json\/wp\/v2\/product_tag?post=34134"}],"curies":[{"name":"wp","href":"https:\/\/api.w.org\/{rel}","templated":true}]}}