{"id":34133,"date":"2026-04-06T11:09:36","date_gmt":"2026-04-06T10:09:36","guid":{"rendered":"https:\/\/www.octopus-rk.cz\/produkt\/led-hlava-20w-e-o\/"},"modified":"2026-04-12T14:00:15","modified_gmt":"2026-04-12T13:00:15","slug":"led-hlava-20w-e-o","status":"publish","type":"product","link":"https:\/\/www.octopus-rk.cz\/en\/produkt\/led-hlava-20w-e-o\/","title":{"rendered":"Yellow Diving LED Hlava 20W E\/O"},"content":{"rendered":"<h3 data-path-to-node=\"3\">LED Hlava Yellow Diving 20W<\/h3>\n<p data-path-to-node=\"4\">Kompaktn\u00ed a lehk\u00e1 hlava, kter\u00e1 je ide\u00e1ln\u00ed jako prim\u00e1rn\u00ed sv\u011btlo pro rekrea\u010dn\u00ed i technick\u00e9 pot\u00e1p\u011b\u010de hledaj\u00edc\u00ed vyv\u00e1\u017een\u00fd pom\u011br mezi v\u00fdkonem a dobou sv\u00edcen\u00ed.<\/p>\n<ul data-path-to-node=\"5\">\n<li>\n<p data-path-to-node=\"5,0,0\"><b data-path-to-node=\"5,0,0\" data-index-in-node=\"0\">Sv\u011bteln\u00fd v\u00fdkon:<\/b> 20 W LED (cca 2000 lumen\u016f). &#x1f4a1;<\/p>\n<\/li>\n<li>\n<p data-path-to-node=\"5,1,0\"><b data-path-to-node=\"5,1,0\" data-index-in-node=\"0\">\u00dahel sv\u00edcen\u00ed:<\/b> Fixn\u00ed 6\u00b0 \u2013 ostr\u00fd st\u0159edov\u00fd ku\u017eel pro dobrou prostupnost vodou a signalizaci.<\/p>\n<\/li>\n<li>\n<p data-path-to-node=\"5,2,0\"><b data-path-to-node=\"5,2,0\" data-index-in-node=\"0\">Konstrukce:<\/b> T\u011blo z eloxovan\u00e9ho hlin\u00edku a hlava z materi\u00e1lu Delrin. &#x1f3d7;&#xfe0f;<\/p>\n<\/li>\n<li>\n<p data-path-to-node=\"5,3,0\"><b data-path-to-node=\"5,3,0\" data-index-in-node=\"0\">P\u0159ipojen\u00ed:<\/b> E\/O cord (p\u0159ipojiteln\u00fd pod vodou).<\/p>\n<\/li>\n<\/ul>\n","protected":false},"excerpt":{"rendered":"<p>Kompaktn\u00ed a lehk\u00e1 hlava, kter\u00e1 je ide\u00e1ln\u00ed jako prim\u00e1rn\u00ed sv\u011btlo pro rekrea\u010dn\u00ed i technick\u00e9 pot\u00e1p\u011b\u010de hledaj\u00edc\u00ed vyv\u00e1\u017een\u00fd pom\u011br mezi v\u00fdkonem a dobou sv\u00edcen\u00ed.<\/p>\n","protected":false},"featured_media":34165,"comment_status":"open","ping_status":"closed","template":"","meta":[],"product_cat":[39,37],"product_tag":[100],"yoast_head":"<!-- This site is optimized with the Yoast SEO plugin v20.1 - https:\/\/yoast.com\/wordpress\/plugins\/seo\/ -->\n<title>Yellow Diving LED Hlava 20W E\/O - Octopus-rk.cz - \u0161kola pot\u00e1p\u011bn\u00ed, Dive-Xtras, XAdventurer<\/title>\n<meta name=\"robots\" content=\"index, follow, max-snippet:-1, max-image-preview:large, max-video-preview:-1\" \/>\n<link rel=\"canonical\" href=\"https:\/\/www.octopus-rk.cz\/produkt\/led-hlava-20w-e-o\/\" \/>\n<meta property=\"og:locale\" content=\"en_GB\" \/>\n<meta property=\"og:type\" content=\"article\" \/>\n<meta property=\"og:title\" content=\"Yellow Diving LED Hlava 20W E\/O - Octopus-rk.cz - \u0161kola pot\u00e1p\u011bn\u00ed, Dive-Xtras, XAdventurer\" \/>\n<meta property=\"og:description\" content=\"Kompaktn\u00ed a lehk\u00e1 hlava, kter\u00e1 je ide\u00e1ln\u00ed jako prim\u00e1rn\u00ed sv\u011btlo pro rekrea\u010dn\u00ed i technick\u00e9 pot\u00e1p\u011b\u010de hledaj\u00edc\u00ed vyv\u00e1\u017een\u00fd pom\u011br mezi v\u00fdkonem a dobou sv\u00edcen\u00ed.\" \/>\n<meta property=\"og:url\" content=\"https:\/\/www.octopus-rk.cz\/produkt\/led-hlava-20w-e-o\/\" \/>\n<meta property=\"og:site_name\" content=\"Octopus-rk.cz - \u0161kola pot\u00e1p\u011bn\u00ed, Dive-Xtras, XAdventurer\" \/>\n<meta property=\"article:publisher\" content=\"https:\/\/www.facebook.com\/octopusrk\" \/>\n<meta property=\"article:modified_time\" content=\"2026-04-12T13:00:15+00:00\" \/>\n<meta property=\"og:image\" content=\"https:\/\/www.octopus-rk.cz\/wp-content\/uploads\/2026\/04\/5830a714-fd36-4f89-9a3f-84483a8ffee4-1024x1024.png\" \/>\n\t<meta property=\"og:image:width\" content=\"1024\" \/>\n\t<meta property=\"og:image:height\" content=\"1024\" \/>\n\t<meta property=\"og:image:type\" content=\"image\/png\" \/>\n<meta name=\"twitter:card\" content=\"summary_large_image\" \/>\n<meta name=\"twitter:label1\" content=\"Est. reading time\" \/>\n\t<meta name=\"twitter:data1\" content=\"1 minute\" \/>\n<script type=\"application\/ld+json\" class=\"yoast-schema-graph\">{\"@context\":\"https:\/\/schema.org\",\"@graph\":[{\"@type\":\"WebPage\",\"@id\":\"https:\/\/www.octopus-rk.cz\/produkt\/led-hlava-20w-e-o\/\",\"url\":\"https:\/\/www.octopus-rk.cz\/produkt\/led-hlava-20w-e-o\/\",\"name\":\"Yellow Diving LED Hlava 20W E\/O - Octopus-rk.cz - \u0161kola pot\u00e1p\u011bn\u00ed, Dive-Xtras, XAdventurer\",\"isPartOf\":{\"@id\":\"https:\/\/www.octopus-rk.cz\/#website\"},\"datePublished\":\"2026-04-06T10:09:36+00:00\",\"dateModified\":\"2026-04-12T13:00:15+00:00\",\"breadcrumb\":{\"@id\":\"https:\/\/www.octopus-rk.cz\/produkt\/led-hlava-20w-e-o\/#breadcrumb\"},\"inLanguage\":\"en-GB\",\"potentialAction\":[{\"@type\":\"ReadAction\",\"target\":[\"https:\/\/www.octopus-rk.cz\/produkt\/led-hlava-20w-e-o\/\"]}]},{\"@type\":\"BreadcrumbList\",\"@id\":\"https:\/\/www.octopus-rk.cz\/produkt\/led-hlava-20w-e-o\/#breadcrumb\",\"itemListElement\":[{\"@type\":\"ListItem\",\"position\":1,\"name\":\"Home\",\"item\":\"https:\/\/www.octopus-rk.cz\/\"},{\"@type\":\"ListItem\",\"position\":2,\"name\":\"Yellow Diving LED Hlava 20W E\/O\"}]},{\"@type\":\"WebSite\",\"@id\":\"https:\/\/www.octopus-rk.cz\/#website\",\"url\":\"https:\/\/www.octopus-rk.cz\/\",\"name\":\"Octopus-rk.cz - \u0161kola pot\u00e1p\u011bn\u00ed, Dive-Xtras, XAdventurer\",\"description\":\"pot\u00e1p\u011bn\u00ed, \u0161kola pot\u00e1p\u011bn\u00ed, kurzy pot\u00e1p\u011bn\u00ed, servis pot\u00e1p\u011b\u010dsk\u00e9 techniky,velkoobchod,maloobchod\",\"publisher\":{\"@id\":\"https:\/\/www.octopus-rk.cz\/#organization\"},\"potentialAction\":[{\"@type\":\"SearchAction\",\"target\":{\"@type\":\"EntryPoint\",\"urlTemplate\":\"https:\/\/www.octopus-rk.cz\/?s={search_term_string}\"},\"query-input\":\"required name=search_term_string\"}],\"inLanguage\":\"en-GB\"},{\"@type\":\"Organization\",\"@id\":\"https:\/\/www.octopus-rk.cz\/#organization\",\"name\":\"Octopus-rk.cz - \u0161kola pot\u00e1p\u011bn\u00ed, Dive-Xtras, XAdventurer\",\"url\":\"https:\/\/www.octopus-rk.cz\/\",\"logo\":{\"@type\":\"ImageObject\",\"inLanguage\":\"en-GB\",\"@id\":\"https:\/\/www.octopus-rk.cz\/#\/schema\/logo\/image\/\",\"url\":\"https:\/\/www.octopus-rk.cz\/wp-content\/uploads\/2022\/09\/cropped-favicon.png\",\"contentUrl\":\"https:\/\/www.octopus-rk.cz\/wp-content\/uploads\/2022\/09\/cropped-favicon.png\",\"width\":512,\"height\":512,\"caption\":\"Octopus-rk.cz - \u0161kola pot\u00e1p\u011bn\u00ed, Dive-Xtras, XAdventurer\"},\"image\":{\"@id\":\"https:\/\/www.octopus-rk.cz\/#\/schema\/logo\/image\/\"},\"sameAs\":[\"https:\/\/www.facebook.com\/octopusrk\"]}]}<\/script>\n<!-- \/ Yoast SEO plugin. -->","yoast_head_json":{"title":"Yellow Diving LED Hlava 20W E\/O - Octopus-rk.cz - \u0161kola pot\u00e1p\u011bn\u00ed, Dive-Xtras, XAdventurer","robots":{"index":"index","follow":"follow","max-snippet":"max-snippet:-1","max-image-preview":"max-image-preview:large","max-video-preview":"max-video-preview:-1"},"canonical":"https:\/\/www.octopus-rk.cz\/produkt\/led-hlava-20w-e-o\/","og_locale":"en_GB","og_type":"article","og_title":"Yellow Diving LED Hlava 20W E\/O - Octopus-rk.cz - \u0161kola pot\u00e1p\u011bn\u00ed, Dive-Xtras, XAdventurer","og_description":"Kompaktn\u00ed a lehk\u00e1 hlava, kter\u00e1 je ide\u00e1ln\u00ed jako prim\u00e1rn\u00ed sv\u011btlo pro rekrea\u010dn\u00ed i technick\u00e9 pot\u00e1p\u011b\u010de hledaj\u00edc\u00ed vyv\u00e1\u017een\u00fd pom\u011br mezi v\u00fdkonem a dobou sv\u00edcen\u00ed.","og_url":"https:\/\/www.octopus-rk.cz\/produkt\/led-hlava-20w-e-o\/","og_site_name":"Octopus-rk.cz - \u0161kola pot\u00e1p\u011bn\u00ed, Dive-Xtras, XAdventurer","article_publisher":"https:\/\/www.facebook.com\/octopusrk","article_modified_time":"2026-04-12T13:00:15+00:00","og_image":[{"width":1024,"height":1024,"url":"https:\/\/www.octopus-rk.cz\/wp-content\/uploads\/2026\/04\/5830a714-fd36-4f89-9a3f-84483a8ffee4-1024x1024.png","type":"image\/png"}],"twitter_card":"summary_large_image","twitter_misc":{"Est. reading time":"1 minute"},"schema":{"@context":"https:\/\/schema.org","@graph":[{"@type":"WebPage","@id":"https:\/\/www.octopus-rk.cz\/produkt\/led-hlava-20w-e-o\/","url":"https:\/\/www.octopus-rk.cz\/produkt\/led-hlava-20w-e-o\/","name":"Yellow Diving LED Hlava 20W E\/O - Octopus-rk.cz - \u0161kola pot\u00e1p\u011bn\u00ed, Dive-Xtras, XAdventurer","isPartOf":{"@id":"https:\/\/www.octopus-rk.cz\/#website"},"datePublished":"2026-04-06T10:09:36+00:00","dateModified":"2026-04-12T13:00:15+00:00","breadcrumb":{"@id":"https:\/\/www.octopus-rk.cz\/produkt\/led-hlava-20w-e-o\/#breadcrumb"},"inLanguage":"en-GB","potentialAction":[{"@type":"ReadAction","target":["https:\/\/www.octopus-rk.cz\/produkt\/led-hlava-20w-e-o\/"]}]},{"@type":"BreadcrumbList","@id":"https:\/\/www.octopus-rk.cz\/produkt\/led-hlava-20w-e-o\/#breadcrumb","itemListElement":[{"@type":"ListItem","position":1,"name":"Home","item":"https:\/\/www.octopus-rk.cz\/"},{"@type":"ListItem","position":2,"name":"Yellow Diving LED Hlava 20W E\/O"}]},{"@type":"WebSite","@id":"https:\/\/www.octopus-rk.cz\/#website","url":"https:\/\/www.octopus-rk.cz\/","name":"Octopus-rk.cz - \u0161kola pot\u00e1p\u011bn\u00ed, Dive-Xtras, XAdventurer","description":"pot\u00e1p\u011bn\u00ed, \u0161kola pot\u00e1p\u011bn\u00ed, kurzy pot\u00e1p\u011bn\u00ed, servis pot\u00e1p\u011b\u010dsk\u00e9 techniky,velkoobchod,maloobchod","publisher":{"@id":"https:\/\/www.octopus-rk.cz\/#organization"},"potentialAction":[{"@type":"SearchAction","target":{"@type":"EntryPoint","urlTemplate":"https:\/\/www.octopus-rk.cz\/?s={search_term_string}"},"query-input":"required name=search_term_string"}],"inLanguage":"en-GB"},{"@type":"Organization","@id":"https:\/\/www.octopus-rk.cz\/#organization","name":"Octopus-rk.cz - \u0161kola pot\u00e1p\u011bn\u00ed, Dive-Xtras, XAdventurer","url":"https:\/\/www.octopus-rk.cz\/","logo":{"@type":"ImageObject","inLanguage":"en-GB","@id":"https:\/\/www.octopus-rk.cz\/#\/schema\/logo\/image\/","url":"https:\/\/www.octopus-rk.cz\/wp-content\/uploads\/2022\/09\/cropped-favicon.png","contentUrl":"https:\/\/www.octopus-rk.cz\/wp-content\/uploads\/2022\/09\/cropped-favicon.png","width":512,"height":512,"caption":"Octopus-rk.cz - \u0161kola pot\u00e1p\u011bn\u00ed, Dive-Xtras, XAdventurer"},"image":{"@id":"https:\/\/www.octopus-rk.cz\/#\/schema\/logo\/image\/"},"sameAs":["https:\/\/www.facebook.com\/octopusrk"]}]}},"_links":{"self":[{"href":"https:\/\/www.octopus-rk.cz\/en\/wp-json\/wp\/v2\/product\/34133"}],"collection":[{"href":"https:\/\/www.octopus-rk.cz\/en\/wp-json\/wp\/v2\/product"}],"about":[{"href":"https:\/\/www.octopus-rk.cz\/en\/wp-json\/wp\/v2\/types\/product"}],"replies":[{"embeddable":true,"href":"https:\/\/www.octopus-rk.cz\/en\/wp-json\/wp\/v2\/comments?post=34133"}],"wp:featuredmedia":[{"embeddable":true,"href":"https:\/\/www.octopus-rk.cz\/en\/wp-json\/wp\/v2\/media\/34165"}],"wp:attachment":[{"href":"https:\/\/www.octopus-rk.cz\/en\/wp-json\/wp\/v2\/media?parent=34133"}],"wp:term":[{"taxonomy":"product_cat","embeddable":true,"href":"https:\/\/www.octopus-rk.cz\/en\/wp-json\/wp\/v2\/product_cat?post=34133"},{"taxonomy":"product_tag","embeddable":true,"href":"https:\/\/www.octopus-rk.cz\/en\/wp-json\/wp\/v2\/product_tag?post=34133"}],"curies":[{"name":"wp","href":"https:\/\/api.w.org\/{rel}","templated":true}]}}