{"id":34127,"date":"2026-04-06T11:09:36","date_gmt":"2026-04-06T10:09:36","guid":{"rendered":"https:\/\/www.octopus-rk.cz\/produkt\/akumulator-h16-156ah-e-o-pakovy\/"},"modified":"2026-04-12T11:31:24","modified_gmt":"2026-04-12T10:31:24","slug":"akumulator-h16-156ah-e-o-pakovy","status":"publish","type":"product","link":"https:\/\/www.octopus-rk.cz\/en\/produkt\/akumulator-h16-156ah-e-o-pakovy\/","title":{"rendered":"Zdroj Yellow Diving H16 (15,6Ah) E\/O &#8211; p\u00e1kov\u00fd"},"content":{"rendered":"<h3 data-path-to-node=\"2\">Akumul\u00e1tor Yellow Diving H16 (15,6 Ah) E\/O \u2013 p\u00e1kov\u00fd sp\u00edna\u010d<\/h3>\n<p data-path-to-node=\"3\">V\u00fdkonn\u00fd a spolehliv\u00fd zdroj energie navr\u017een\u00fd pro n\u00e1ro\u010dn\u00e9 technick\u00e9 ponory, kde je vy\u017eadov\u00e1na del\u0161\u00ed v\u00fddr\u017e pro sv\u00edcen\u00ed nebo nap\u00e1jen\u00ed vyh\u0159\u00edv\u00e1n\u00ed. Model H16 nab\u00edz\u00ed perfektn\u00ed pom\u011br mezi vysokou kapacitou a kompaktn\u00ed velikost\u00ed kanystru.<\/p>\n<p data-path-to-node=\"4\"><b data-path-to-node=\"4\" data-index-in-node=\"0\">Hlavn\u00ed p\u0159ednosti:<\/b><\/p>\n<ul data-path-to-node=\"5\">\n<li>\n<p data-path-to-node=\"5,0,0\"><b data-path-to-node=\"5,0,0\" data-index-in-node=\"0\">Vysok\u00e1 kapacita:<\/b> 15,6 Ah poskytuje dostatek energie pro dlouh\u00e9 dekompresn\u00ed ponory nebo kombinovan\u00e9 pou\u017eit\u00ed sv\u011btla a topen\u00ed. &#x26a1;<\/p>\n<\/li>\n<li>\n<p data-path-to-node=\"5,1,0\"><b data-path-to-node=\"5,1,0\" data-index-in-node=\"0\">P\u00e1kov\u00fd sp\u00edna\u010d (Toggle):<\/b> Klasick\u00e9 mechanick\u00e9 ovl\u00e1d\u00e1n\u00ed s jasnou odezvou, kter\u00e9 snadno nahmat\u00e1te i v tlust\u00fdch rukavic\u00edch. Chr\u00e1n\u011bno odolnou gumovou krytkou. &#x1f579;&#xfe0f;<\/p>\n<\/li>\n<li>\n<p data-path-to-node=\"5,2,0\"><b data-path-to-node=\"5,2,0\" data-index-in-node=\"0\">Konstrukce z Delrinu:<\/b> Extr\u00e9mn\u011b odoln\u00fd materi\u00e1l t\u011bla zaru\u010duje ochranu vnit\u0159n\u00edch \u010dl\u00e1nk\u016f i v t\u011bch nejn\u00e1ro\u010dn\u011bj\u0161\u00edch podm\u00ednk\u00e1ch (jeskyn\u011b, vraky). &#x1f3d7;&#xfe0f;<\/p>\n<\/li>\n<li>\n<p data-path-to-node=\"5,3,0\"><b data-path-to-node=\"5,3,0\" data-index-in-node=\"0\">E\/O cord (65 cm):<\/b> Standardizovan\u00e9 rozhran\u00ed pro snadnou modularitu a p\u0159ipojen\u00ed jak\u00e9koliv hlavy sv\u00edtilny \u010di termoventilu. &#x1f50c;<\/p>\n<\/li>\n<\/ul>\n<p data-path-to-node=\"6\"><b data-path-to-node=\"6\" data-index-in-node=\"0\">Technick\u00e9 parametry:<\/b><\/p>\n<ul data-path-to-node=\"7\">\n<li>\n<p data-path-to-node=\"7,0,0\"><b data-path-to-node=\"7,0,0\" data-index-in-node=\"0\">Kapacita:<\/b> 15,6 Ah (Li-Ion)<\/p>\n<\/li>\n<li>\n<p data-path-to-node=\"7,1,0\"><b data-path-to-node=\"7,1,0\" data-index-in-node=\"0\">Max. provozn\u00ed hloubka:<\/b> 150 m &#x1f30a;<\/p>\n<\/li>\n<li>\n<p data-path-to-node=\"7,2,0\"><b data-path-to-node=\"7,2,0\" data-index-in-node=\"0\">Typ sp\u00edna\u010de:<\/b> P\u00e1kov\u00fd (Toggle)<\/p>\n<\/li>\n<li>\n<p data-path-to-node=\"7,3,0\"><b data-path-to-node=\"7,3,0\" data-index-in-node=\"0\">P\u0159ipojen\u00ed:<\/b> 1x E\/O cord<\/p>\n<\/li>\n<\/ul>\n","protected":false},"excerpt":{"rendered":"<p>V\u00fdkonn\u00fd a spolehliv\u00fd zdroj energie navr\u017een\u00fd pro n\u00e1ro\u010dn\u00e9 technick\u00e9 ponory, kde je vy\u017eadov\u00e1na del\u0161\u00ed v\u00fddr\u017e pro sv\u00edcen\u00ed nebo nap\u00e1jen\u00ed vyh\u0159\u00edv\u00e1n\u00ed. Model H16 nab\u00edz\u00ed perfektn\u00ed pom\u011br mezi vysokou kapacitou a kompaktn\u00ed velikost\u00ed kanystru.<\/p>\n","protected":false},"featured_media":34179,"comment_status":"open","ping_status":"closed","template":"","meta":[],"product_cat":[102,103],"product_tag":[100],"yoast_head":"<!-- This site is optimized with the Yoast SEO plugin v20.1 - https:\/\/yoast.com\/wordpress\/plugins\/seo\/ -->\n<title>Zdroj Yellow Diving H16 (15,6Ah) E\/O - p\u00e1kov\u00fd - Octopus-rk.cz - \u0161kola pot\u00e1p\u011bn\u00ed, Dive-Xtras, XAdventurer<\/title>\n<meta name=\"robots\" content=\"index, follow, max-snippet:-1, max-image-preview:large, max-video-preview:-1\" \/>\n<link rel=\"canonical\" href=\"https:\/\/www.octopus-rk.cz\/produkt\/akumulator-h16-156ah-e-o-pakovy\/\" \/>\n<meta property=\"og:locale\" content=\"en_GB\" \/>\n<meta property=\"og:type\" content=\"article\" \/>\n<meta property=\"og:title\" content=\"Zdroj Yellow Diving H16 (15,6Ah) E\/O - p\u00e1kov\u00fd - Octopus-rk.cz - \u0161kola pot\u00e1p\u011bn\u00ed, Dive-Xtras, XAdventurer\" \/>\n<meta property=\"og:description\" content=\"V\u00fdkonn\u00fd a spolehliv\u00fd zdroj energie navr\u017een\u00fd pro n\u00e1ro\u010dn\u00e9 technick\u00e9 ponory, kde je vy\u017eadov\u00e1na del\u0161\u00ed v\u00fddr\u017e pro sv\u00edcen\u00ed nebo nap\u00e1jen\u00ed vyh\u0159\u00edv\u00e1n\u00ed. Model H16 nab\u00edz\u00ed perfektn\u00ed pom\u011br mezi vysokou kapacitou a kompaktn\u00ed velikost\u00ed kanystru.\" \/>\n<meta property=\"og:url\" content=\"https:\/\/www.octopus-rk.cz\/produkt\/akumulator-h16-156ah-e-o-pakovy\/\" \/>\n<meta property=\"og:site_name\" content=\"Octopus-rk.cz - \u0161kola pot\u00e1p\u011bn\u00ed, Dive-Xtras, XAdventurer\" \/>\n<meta property=\"article:publisher\" content=\"https:\/\/www.facebook.com\/octopusrk\" \/>\n<meta property=\"article:modified_time\" content=\"2026-04-12T10:31:24+00:00\" \/>\n<meta property=\"og:image\" content=\"https:\/\/www.octopus-rk.cz\/wp-content\/uploads\/2026\/04\/3_PERCH-H10-backmount-1-scaled.jpg\" \/>\n\t<meta property=\"og:image:width\" content=\"2560\" \/>\n\t<meta property=\"og:image:height\" content=\"1707\" \/>\n\t<meta property=\"og:image:type\" content=\"image\/jpeg\" \/>\n<meta name=\"twitter:card\" content=\"summary_large_image\" \/>\n<meta name=\"twitter:label1\" content=\"Est. reading time\" \/>\n\t<meta name=\"twitter:data1\" content=\"1 minute\" \/>\n<script type=\"application\/ld+json\" class=\"yoast-schema-graph\">{\"@context\":\"https:\/\/schema.org\",\"@graph\":[{\"@type\":\"WebPage\",\"@id\":\"https:\/\/www.octopus-rk.cz\/produkt\/akumulator-h16-156ah-e-o-pakovy\/\",\"url\":\"https:\/\/www.octopus-rk.cz\/produkt\/akumulator-h16-156ah-e-o-pakovy\/\",\"name\":\"Zdroj Yellow Diving H16 (15,6Ah) E\/O - p\u00e1kov\u00fd - Octopus-rk.cz - \u0161kola pot\u00e1p\u011bn\u00ed, Dive-Xtras, XAdventurer\",\"isPartOf\":{\"@id\":\"https:\/\/www.octopus-rk.cz\/#website\"},\"datePublished\":\"2026-04-06T10:09:36+00:00\",\"dateModified\":\"2026-04-12T10:31:24+00:00\",\"breadcrumb\":{\"@id\":\"https:\/\/www.octopus-rk.cz\/produkt\/akumulator-h16-156ah-e-o-pakovy\/#breadcrumb\"},\"inLanguage\":\"en-GB\",\"potentialAction\":[{\"@type\":\"ReadAction\",\"target\":[\"https:\/\/www.octopus-rk.cz\/produkt\/akumulator-h16-156ah-e-o-pakovy\/\"]}]},{\"@type\":\"BreadcrumbList\",\"@id\":\"https:\/\/www.octopus-rk.cz\/produkt\/akumulator-h16-156ah-e-o-pakovy\/#breadcrumb\",\"itemListElement\":[{\"@type\":\"ListItem\",\"position\":1,\"name\":\"Home\",\"item\":\"https:\/\/www.octopus-rk.cz\/\"},{\"@type\":\"ListItem\",\"position\":2,\"name\":\"Zdroj Yellow Diving H16 (15,6Ah) E\/O &#8211; p\u00e1kov\u00fd\"}]},{\"@type\":\"WebSite\",\"@id\":\"https:\/\/www.octopus-rk.cz\/#website\",\"url\":\"https:\/\/www.octopus-rk.cz\/\",\"name\":\"Octopus-rk.cz - \u0161kola pot\u00e1p\u011bn\u00ed, Dive-Xtras, XAdventurer\",\"description\":\"pot\u00e1p\u011bn\u00ed, \u0161kola pot\u00e1p\u011bn\u00ed, kurzy pot\u00e1p\u011bn\u00ed, servis pot\u00e1p\u011b\u010dsk\u00e9 techniky,velkoobchod,maloobchod\",\"publisher\":{\"@id\":\"https:\/\/www.octopus-rk.cz\/#organization\"},\"potentialAction\":[{\"@type\":\"SearchAction\",\"target\":{\"@type\":\"EntryPoint\",\"urlTemplate\":\"https:\/\/www.octopus-rk.cz\/?s={search_term_string}\"},\"query-input\":\"required name=search_term_string\"}],\"inLanguage\":\"en-GB\"},{\"@type\":\"Organization\",\"@id\":\"https:\/\/www.octopus-rk.cz\/#organization\",\"name\":\"Octopus-rk.cz - \u0161kola pot\u00e1p\u011bn\u00ed, Dive-Xtras, XAdventurer\",\"url\":\"https:\/\/www.octopus-rk.cz\/\",\"logo\":{\"@type\":\"ImageObject\",\"inLanguage\":\"en-GB\",\"@id\":\"https:\/\/www.octopus-rk.cz\/#\/schema\/logo\/image\/\",\"url\":\"https:\/\/www.octopus-rk.cz\/wp-content\/uploads\/2022\/09\/cropped-favicon.png\",\"contentUrl\":\"https:\/\/www.octopus-rk.cz\/wp-content\/uploads\/2022\/09\/cropped-favicon.png\",\"width\":512,\"height\":512,\"caption\":\"Octopus-rk.cz - \u0161kola pot\u00e1p\u011bn\u00ed, Dive-Xtras, XAdventurer\"},\"image\":{\"@id\":\"https:\/\/www.octopus-rk.cz\/#\/schema\/logo\/image\/\"},\"sameAs\":[\"https:\/\/www.facebook.com\/octopusrk\"]}]}<\/script>\n<!-- \/ Yoast SEO plugin. -->","yoast_head_json":{"title":"Zdroj Yellow Diving H16 (15,6Ah) E\/O - p\u00e1kov\u00fd - Octopus-rk.cz - \u0161kola pot\u00e1p\u011bn\u00ed, Dive-Xtras, XAdventurer","robots":{"index":"index","follow":"follow","max-snippet":"max-snippet:-1","max-image-preview":"max-image-preview:large","max-video-preview":"max-video-preview:-1"},"canonical":"https:\/\/www.octopus-rk.cz\/produkt\/akumulator-h16-156ah-e-o-pakovy\/","og_locale":"en_GB","og_type":"article","og_title":"Zdroj Yellow Diving H16 (15,6Ah) E\/O - p\u00e1kov\u00fd - Octopus-rk.cz - \u0161kola pot\u00e1p\u011bn\u00ed, Dive-Xtras, XAdventurer","og_description":"V\u00fdkonn\u00fd a spolehliv\u00fd zdroj energie navr\u017een\u00fd pro n\u00e1ro\u010dn\u00e9 technick\u00e9 ponory, kde je vy\u017eadov\u00e1na del\u0161\u00ed v\u00fddr\u017e pro sv\u00edcen\u00ed nebo nap\u00e1jen\u00ed vyh\u0159\u00edv\u00e1n\u00ed. Model H16 nab\u00edz\u00ed perfektn\u00ed pom\u011br mezi vysokou kapacitou a kompaktn\u00ed velikost\u00ed kanystru.","og_url":"https:\/\/www.octopus-rk.cz\/produkt\/akumulator-h16-156ah-e-o-pakovy\/","og_site_name":"Octopus-rk.cz - \u0161kola pot\u00e1p\u011bn\u00ed, Dive-Xtras, XAdventurer","article_publisher":"https:\/\/www.facebook.com\/octopusrk","article_modified_time":"2026-04-12T10:31:24+00:00","og_image":[{"width":2560,"height":1707,"url":"https:\/\/www.octopus-rk.cz\/wp-content\/uploads\/2026\/04\/3_PERCH-H10-backmount-1-scaled.jpg","type":"image\/jpeg"}],"twitter_card":"summary_large_image","twitter_misc":{"Est. reading time":"1 minute"},"schema":{"@context":"https:\/\/schema.org","@graph":[{"@type":"WebPage","@id":"https:\/\/www.octopus-rk.cz\/produkt\/akumulator-h16-156ah-e-o-pakovy\/","url":"https:\/\/www.octopus-rk.cz\/produkt\/akumulator-h16-156ah-e-o-pakovy\/","name":"Zdroj Yellow Diving H16 (15,6Ah) E\/O - p\u00e1kov\u00fd - Octopus-rk.cz - \u0161kola pot\u00e1p\u011bn\u00ed, Dive-Xtras, XAdventurer","isPartOf":{"@id":"https:\/\/www.octopus-rk.cz\/#website"},"datePublished":"2026-04-06T10:09:36+00:00","dateModified":"2026-04-12T10:31:24+00:00","breadcrumb":{"@id":"https:\/\/www.octopus-rk.cz\/produkt\/akumulator-h16-156ah-e-o-pakovy\/#breadcrumb"},"inLanguage":"en-GB","potentialAction":[{"@type":"ReadAction","target":["https:\/\/www.octopus-rk.cz\/produkt\/akumulator-h16-156ah-e-o-pakovy\/"]}]},{"@type":"BreadcrumbList","@id":"https:\/\/www.octopus-rk.cz\/produkt\/akumulator-h16-156ah-e-o-pakovy\/#breadcrumb","itemListElement":[{"@type":"ListItem","position":1,"name":"Home","item":"https:\/\/www.octopus-rk.cz\/"},{"@type":"ListItem","position":2,"name":"Zdroj Yellow Diving H16 (15,6Ah) E\/O &#8211; p\u00e1kov\u00fd"}]},{"@type":"WebSite","@id":"https:\/\/www.octopus-rk.cz\/#website","url":"https:\/\/www.octopus-rk.cz\/","name":"Octopus-rk.cz - \u0161kola pot\u00e1p\u011bn\u00ed, Dive-Xtras, XAdventurer","description":"pot\u00e1p\u011bn\u00ed, \u0161kola pot\u00e1p\u011bn\u00ed, kurzy pot\u00e1p\u011bn\u00ed, servis pot\u00e1p\u011b\u010dsk\u00e9 techniky,velkoobchod,maloobchod","publisher":{"@id":"https:\/\/www.octopus-rk.cz\/#organization"},"potentialAction":[{"@type":"SearchAction","target":{"@type":"EntryPoint","urlTemplate":"https:\/\/www.octopus-rk.cz\/?s={search_term_string}"},"query-input":"required name=search_term_string"}],"inLanguage":"en-GB"},{"@type":"Organization","@id":"https:\/\/www.octopus-rk.cz\/#organization","name":"Octopus-rk.cz - \u0161kola pot\u00e1p\u011bn\u00ed, Dive-Xtras, XAdventurer","url":"https:\/\/www.octopus-rk.cz\/","logo":{"@type":"ImageObject","inLanguage":"en-GB","@id":"https:\/\/www.octopus-rk.cz\/#\/schema\/logo\/image\/","url":"https:\/\/www.octopus-rk.cz\/wp-content\/uploads\/2022\/09\/cropped-favicon.png","contentUrl":"https:\/\/www.octopus-rk.cz\/wp-content\/uploads\/2022\/09\/cropped-favicon.png","width":512,"height":512,"caption":"Octopus-rk.cz - \u0161kola pot\u00e1p\u011bn\u00ed, Dive-Xtras, XAdventurer"},"image":{"@id":"https:\/\/www.octopus-rk.cz\/#\/schema\/logo\/image\/"},"sameAs":["https:\/\/www.facebook.com\/octopusrk"]}]}},"_links":{"self":[{"href":"https:\/\/www.octopus-rk.cz\/en\/wp-json\/wp\/v2\/product\/34127"}],"collection":[{"href":"https:\/\/www.octopus-rk.cz\/en\/wp-json\/wp\/v2\/product"}],"about":[{"href":"https:\/\/www.octopus-rk.cz\/en\/wp-json\/wp\/v2\/types\/product"}],"replies":[{"embeddable":true,"href":"https:\/\/www.octopus-rk.cz\/en\/wp-json\/wp\/v2\/comments?post=34127"}],"wp:featuredmedia":[{"embeddable":true,"href":"https:\/\/www.octopus-rk.cz\/en\/wp-json\/wp\/v2\/media\/34179"}],"wp:attachment":[{"href":"https:\/\/www.octopus-rk.cz\/en\/wp-json\/wp\/v2\/media?parent=34127"}],"wp:term":[{"taxonomy":"product_cat","embeddable":true,"href":"https:\/\/www.octopus-rk.cz\/en\/wp-json\/wp\/v2\/product_cat?post=34127"},{"taxonomy":"product_tag","embeddable":true,"href":"https:\/\/www.octopus-rk.cz\/en\/wp-json\/wp\/v2\/product_tag?post=34127"}],"curies":[{"name":"wp","href":"https:\/\/api.w.org\/{rel}","templated":true}]}}