{"id":34126,"date":"2026-04-06T11:09:35","date_gmt":"2026-04-06T10:09:35","guid":{"rendered":"https:\/\/www.octopus-rk.cz\/produkt\/akumulator-h10-104ah-e-o-piezo\/"},"modified":"2026-04-12T11:41:07","modified_gmt":"2026-04-12T10:41:07","slug":"akumulator-h10-104ah-e-o-piezo","status":"publish","type":"product","link":"https:\/\/www.octopus-rk.cz\/en\/produkt\/akumulator-h10-104ah-e-o-piezo\/","title":{"rendered":"Zdroj Yellow Diving H10 (10,4Ah) E\/O &#8211; piezo"},"content":{"rendered":"<h3 data-path-to-node=\"2\">Akumul\u00e1tor Yellow Diving H10 (10,4 Ah) E\/O \u2013 piezo sp\u00edna\u010d<\/h3>\n<p data-path-to-node=\"3\">Kompaktn\u00ed a technologicky vysp\u011bl\u00fd zdroj energie, kter\u00fd spojuje osv\u011bd\u010denou konstrukci \u0159ady H10 s modern\u00edm elektronick\u00fdm ovl\u00e1d\u00e1n\u00edm. Je navr\u017een pro pot\u00e1p\u011b\u010de, kte\u0159\u00ed vy\u017eaduj\u00ed maxim\u00e1ln\u00ed odolnost a precizn\u00ed manipulaci v jak\u00fdchkoliv podm\u00ednk\u00e1ch.<\/p>\n<p data-path-to-node=\"4\"><b data-path-to-node=\"4\" data-index-in-node=\"0\">Hlavn\u00ed p\u0159ednosti:<\/b><\/p>\n<ul data-path-to-node=\"5\">\n<li>\n<p data-path-to-node=\"5,0,0\"><b data-path-to-node=\"5,0,0\" data-index-in-node=\"0\">Piezo sp\u00edna\u010d:<\/b> Modern\u00ed tla\u010d\u00edtkov\u00fd sp\u00edna\u010d bez pohybliv\u00fdch mechanick\u00fdch \u010d\u00e1st\u00ed. Je extr\u00e9mn\u011b odoln\u00fd proti ne\u010distot\u00e1m, p\u00edsku a vysok\u00e9mu tlaku. Nab\u00edz\u00ed jist\u00e9 ovl\u00e1d\u00e1n\u00ed i v tlust\u00fdch rukavic\u00edch. &#x1f518;<\/p>\n<\/li>\n<li>\n<p data-path-to-node=\"5,1,0\"><b data-path-to-node=\"5,1,0\" data-index-in-node=\"0\">Robustn\u00ed t\u011blo z Delrinu:<\/b> Kanystr je vyroben z vysoce kvalitn\u00edho polymeru, kter\u00fd je prakticky nezni\u010diteln\u00fd a poskytuje vynikaj\u00edc\u00ed ochranu Li-Ion \u010dl\u00e1nk\u016fm uvnit\u0159. &#x1f3d7;&#xfe0f;<\/p>\n<\/li>\n<li>\n<p data-path-to-node=\"5,2,0\"><b data-path-to-node=\"5,2,0\" data-index-in-node=\"0\">Mokr\u00fd konektor (E\/O cord):<\/b> Univerz\u00e1ln\u00ed rozhran\u00ed pro p\u0159ipojen\u00ed hlav sv\u00edtilen nebo vyh\u0159\u00edv\u00e1n\u00ed. Umo\u017e\u0148uje bezpe\u010dn\u00e9 spojen\u00ed i pod vodou. &#x1f50c;<\/p>\n<\/li>\n<li>\n<p data-path-to-node=\"5,3,0\"><b data-path-to-node=\"5,3,0\" data-index-in-node=\"0\">Kompaktn\u00ed design:<\/b> D\u00edky sv\u00e9 velikosti je ide\u00e1ln\u00ed pro krat\u0161\u00ed technick\u00e9 ponory nebo jako lehk\u00fd a v\u00fdkonn\u00fd zdroj pro cestov\u00e1n\u00ed.<\/p>\n<\/li>\n<\/ul>\n<p data-path-to-node=\"6\"><b data-path-to-node=\"6\" data-index-in-node=\"0\">Technick\u00e9 parametry:<\/b><\/p>\n<ul data-path-to-node=\"7\">\n<li>\n<p data-path-to-node=\"7,0,0\"><b data-path-to-node=\"7,0,0\" data-index-in-node=\"0\">Kapacita:<\/b> 10,4 Ah (Li-Ion)<\/p>\n<\/li>\n<li>\n<p data-path-to-node=\"7,1,0\"><b data-path-to-node=\"7,1,0\" data-index-in-node=\"0\">Typ sp\u00edna\u010de:<\/b> Piezo (elektronick\u00e9 tla\u010d\u00edtko)<\/p>\n<\/li>\n<li>\n<p data-path-to-node=\"7,2,0\"><b data-path-to-node=\"7,2,0\" data-index-in-node=\"0\">P\u0159ipojen\u00ed:<\/b> 1x E\/O cord (65 cm)<\/p>\n<\/li>\n<li>\n<p data-path-to-node=\"7,3,0\"><b data-path-to-node=\"7,3,0\" data-index-in-node=\"0\">Max. provozn\u00ed hloubka:<\/b> 150 m &#x1f30a;<\/p>\n<\/li>\n<\/ul>\n","protected":false},"excerpt":{"rendered":"<p>Kompaktn\u00ed a technologicky vysp\u011bl\u00fd zdroj energie, kter\u00fd spojuje osv\u011bd\u010denou konstrukci \u0159ady H10 s modern\u00edm elektronick\u00fdm ovl\u00e1d\u00e1n\u00edm. Je navr\u017een pro pot\u00e1p\u011b\u010de, kte\u0159\u00ed vy\u017eaduj\u00ed maxim\u00e1ln\u00ed odolnost a precizn\u00ed manipulaci v jak\u00fdchkoliv podm\u00ednk\u00e1ch.<\/p>\n","protected":false},"featured_media":34179,"comment_status":"open","ping_status":"closed","template":"","meta":[],"product_cat":[102,103],"product_tag":[100],"yoast_head":"<!-- This site is optimized with the Yoast SEO plugin v20.1 - https:\/\/yoast.com\/wordpress\/plugins\/seo\/ -->\n<title>Zdroj Yellow Diving H10 (10,4Ah) E\/O - piezo - Octopus-rk.cz - \u0161kola pot\u00e1p\u011bn\u00ed, Dive-Xtras, XAdventurer<\/title>\n<meta name=\"robots\" content=\"index, follow, max-snippet:-1, max-image-preview:large, max-video-preview:-1\" \/>\n<link rel=\"canonical\" href=\"https:\/\/www.octopus-rk.cz\/produkt\/akumulator-h10-104ah-e-o-piezo\/\" \/>\n<meta property=\"og:locale\" content=\"en_GB\" \/>\n<meta property=\"og:type\" content=\"article\" \/>\n<meta property=\"og:title\" content=\"Zdroj Yellow Diving H10 (10,4Ah) E\/O - piezo - Octopus-rk.cz - \u0161kola pot\u00e1p\u011bn\u00ed, Dive-Xtras, XAdventurer\" \/>\n<meta property=\"og:description\" content=\"Kompaktn\u00ed a technologicky vysp\u011bl\u00fd zdroj energie, kter\u00fd spojuje osv\u011bd\u010denou konstrukci \u0159ady H10 s modern\u00edm elektronick\u00fdm ovl\u00e1d\u00e1n\u00edm. Je navr\u017een pro pot\u00e1p\u011b\u010de, kte\u0159\u00ed vy\u017eaduj\u00ed maxim\u00e1ln\u00ed odolnost a precizn\u00ed manipulaci v jak\u00fdchkoliv podm\u00ednk\u00e1ch.\" \/>\n<meta property=\"og:url\" content=\"https:\/\/www.octopus-rk.cz\/produkt\/akumulator-h10-104ah-e-o-piezo\/\" \/>\n<meta property=\"og:site_name\" content=\"Octopus-rk.cz - \u0161kola pot\u00e1p\u011bn\u00ed, Dive-Xtras, XAdventurer\" \/>\n<meta property=\"article:publisher\" content=\"https:\/\/www.facebook.com\/octopusrk\" \/>\n<meta property=\"article:modified_time\" content=\"2026-04-12T10:41:07+00:00\" \/>\n<meta property=\"og:image\" content=\"https:\/\/www.octopus-rk.cz\/wp-content\/uploads\/2026\/04\/3_PERCH-H10-backmount-1-scaled.jpg\" \/>\n\t<meta property=\"og:image:width\" content=\"2560\" \/>\n\t<meta property=\"og:image:height\" content=\"1707\" \/>\n\t<meta property=\"og:image:type\" content=\"image\/jpeg\" \/>\n<meta name=\"twitter:card\" content=\"summary_large_image\" \/>\n<meta name=\"twitter:label1\" content=\"Est. reading time\" \/>\n\t<meta name=\"twitter:data1\" content=\"1 minute\" \/>\n<script type=\"application\/ld+json\" class=\"yoast-schema-graph\">{\"@context\":\"https:\/\/schema.org\",\"@graph\":[{\"@type\":\"WebPage\",\"@id\":\"https:\/\/www.octopus-rk.cz\/produkt\/akumulator-h10-104ah-e-o-piezo\/\",\"url\":\"https:\/\/www.octopus-rk.cz\/produkt\/akumulator-h10-104ah-e-o-piezo\/\",\"name\":\"Zdroj Yellow Diving H10 (10,4Ah) E\/O - piezo - Octopus-rk.cz - \u0161kola pot\u00e1p\u011bn\u00ed, Dive-Xtras, XAdventurer\",\"isPartOf\":{\"@id\":\"https:\/\/www.octopus-rk.cz\/#website\"},\"datePublished\":\"2026-04-06T10:09:35+00:00\",\"dateModified\":\"2026-04-12T10:41:07+00:00\",\"breadcrumb\":{\"@id\":\"https:\/\/www.octopus-rk.cz\/produkt\/akumulator-h10-104ah-e-o-piezo\/#breadcrumb\"},\"inLanguage\":\"en-GB\",\"potentialAction\":[{\"@type\":\"ReadAction\",\"target\":[\"https:\/\/www.octopus-rk.cz\/produkt\/akumulator-h10-104ah-e-o-piezo\/\"]}]},{\"@type\":\"BreadcrumbList\",\"@id\":\"https:\/\/www.octopus-rk.cz\/produkt\/akumulator-h10-104ah-e-o-piezo\/#breadcrumb\",\"itemListElement\":[{\"@type\":\"ListItem\",\"position\":1,\"name\":\"Home\",\"item\":\"https:\/\/www.octopus-rk.cz\/\"},{\"@type\":\"ListItem\",\"position\":2,\"name\":\"Zdroj Yellow Diving H10 (10,4Ah) E\/O &#8211; piezo\"}]},{\"@type\":\"WebSite\",\"@id\":\"https:\/\/www.octopus-rk.cz\/#website\",\"url\":\"https:\/\/www.octopus-rk.cz\/\",\"name\":\"Octopus-rk.cz - \u0161kola pot\u00e1p\u011bn\u00ed, Dive-Xtras, XAdventurer\",\"description\":\"pot\u00e1p\u011bn\u00ed, \u0161kola pot\u00e1p\u011bn\u00ed, kurzy pot\u00e1p\u011bn\u00ed, servis pot\u00e1p\u011b\u010dsk\u00e9 techniky,velkoobchod,maloobchod\",\"publisher\":{\"@id\":\"https:\/\/www.octopus-rk.cz\/#organization\"},\"potentialAction\":[{\"@type\":\"SearchAction\",\"target\":{\"@type\":\"EntryPoint\",\"urlTemplate\":\"https:\/\/www.octopus-rk.cz\/?s={search_term_string}\"},\"query-input\":\"required name=search_term_string\"}],\"inLanguage\":\"en-GB\"},{\"@type\":\"Organization\",\"@id\":\"https:\/\/www.octopus-rk.cz\/#organization\",\"name\":\"Octopus-rk.cz - \u0161kola pot\u00e1p\u011bn\u00ed, Dive-Xtras, XAdventurer\",\"url\":\"https:\/\/www.octopus-rk.cz\/\",\"logo\":{\"@type\":\"ImageObject\",\"inLanguage\":\"en-GB\",\"@id\":\"https:\/\/www.octopus-rk.cz\/#\/schema\/logo\/image\/\",\"url\":\"https:\/\/www.octopus-rk.cz\/wp-content\/uploads\/2022\/09\/cropped-favicon.png\",\"contentUrl\":\"https:\/\/www.octopus-rk.cz\/wp-content\/uploads\/2022\/09\/cropped-favicon.png\",\"width\":512,\"height\":512,\"caption\":\"Octopus-rk.cz - \u0161kola pot\u00e1p\u011bn\u00ed, Dive-Xtras, XAdventurer\"},\"image\":{\"@id\":\"https:\/\/www.octopus-rk.cz\/#\/schema\/logo\/image\/\"},\"sameAs\":[\"https:\/\/www.facebook.com\/octopusrk\"]}]}<\/script>\n<!-- \/ Yoast SEO plugin. -->","yoast_head_json":{"title":"Zdroj Yellow Diving H10 (10,4Ah) E\/O - piezo - Octopus-rk.cz - \u0161kola pot\u00e1p\u011bn\u00ed, Dive-Xtras, XAdventurer","robots":{"index":"index","follow":"follow","max-snippet":"max-snippet:-1","max-image-preview":"max-image-preview:large","max-video-preview":"max-video-preview:-1"},"canonical":"https:\/\/www.octopus-rk.cz\/produkt\/akumulator-h10-104ah-e-o-piezo\/","og_locale":"en_GB","og_type":"article","og_title":"Zdroj Yellow Diving H10 (10,4Ah) E\/O - piezo - Octopus-rk.cz - \u0161kola pot\u00e1p\u011bn\u00ed, Dive-Xtras, XAdventurer","og_description":"Kompaktn\u00ed a technologicky vysp\u011bl\u00fd zdroj energie, kter\u00fd spojuje osv\u011bd\u010denou konstrukci \u0159ady H10 s modern\u00edm elektronick\u00fdm ovl\u00e1d\u00e1n\u00edm. Je navr\u017een pro pot\u00e1p\u011b\u010de, kte\u0159\u00ed vy\u017eaduj\u00ed maxim\u00e1ln\u00ed odolnost a precizn\u00ed manipulaci v jak\u00fdchkoliv podm\u00ednk\u00e1ch.","og_url":"https:\/\/www.octopus-rk.cz\/produkt\/akumulator-h10-104ah-e-o-piezo\/","og_site_name":"Octopus-rk.cz - \u0161kola pot\u00e1p\u011bn\u00ed, Dive-Xtras, XAdventurer","article_publisher":"https:\/\/www.facebook.com\/octopusrk","article_modified_time":"2026-04-12T10:41:07+00:00","og_image":[{"width":2560,"height":1707,"url":"https:\/\/www.octopus-rk.cz\/wp-content\/uploads\/2026\/04\/3_PERCH-H10-backmount-1-scaled.jpg","type":"image\/jpeg"}],"twitter_card":"summary_large_image","twitter_misc":{"Est. reading time":"1 minute"},"schema":{"@context":"https:\/\/schema.org","@graph":[{"@type":"WebPage","@id":"https:\/\/www.octopus-rk.cz\/produkt\/akumulator-h10-104ah-e-o-piezo\/","url":"https:\/\/www.octopus-rk.cz\/produkt\/akumulator-h10-104ah-e-o-piezo\/","name":"Zdroj Yellow Diving H10 (10,4Ah) E\/O - piezo - Octopus-rk.cz - \u0161kola pot\u00e1p\u011bn\u00ed, Dive-Xtras, XAdventurer","isPartOf":{"@id":"https:\/\/www.octopus-rk.cz\/#website"},"datePublished":"2026-04-06T10:09:35+00:00","dateModified":"2026-04-12T10:41:07+00:00","breadcrumb":{"@id":"https:\/\/www.octopus-rk.cz\/produkt\/akumulator-h10-104ah-e-o-piezo\/#breadcrumb"},"inLanguage":"en-GB","potentialAction":[{"@type":"ReadAction","target":["https:\/\/www.octopus-rk.cz\/produkt\/akumulator-h10-104ah-e-o-piezo\/"]}]},{"@type":"BreadcrumbList","@id":"https:\/\/www.octopus-rk.cz\/produkt\/akumulator-h10-104ah-e-o-piezo\/#breadcrumb","itemListElement":[{"@type":"ListItem","position":1,"name":"Home","item":"https:\/\/www.octopus-rk.cz\/"},{"@type":"ListItem","position":2,"name":"Zdroj Yellow Diving H10 (10,4Ah) E\/O &#8211; piezo"}]},{"@type":"WebSite","@id":"https:\/\/www.octopus-rk.cz\/#website","url":"https:\/\/www.octopus-rk.cz\/","name":"Octopus-rk.cz - \u0161kola pot\u00e1p\u011bn\u00ed, Dive-Xtras, XAdventurer","description":"pot\u00e1p\u011bn\u00ed, \u0161kola pot\u00e1p\u011bn\u00ed, kurzy pot\u00e1p\u011bn\u00ed, servis pot\u00e1p\u011b\u010dsk\u00e9 techniky,velkoobchod,maloobchod","publisher":{"@id":"https:\/\/www.octopus-rk.cz\/#organization"},"potentialAction":[{"@type":"SearchAction","target":{"@type":"EntryPoint","urlTemplate":"https:\/\/www.octopus-rk.cz\/?s={search_term_string}"},"query-input":"required name=search_term_string"}],"inLanguage":"en-GB"},{"@type":"Organization","@id":"https:\/\/www.octopus-rk.cz\/#organization","name":"Octopus-rk.cz - \u0161kola pot\u00e1p\u011bn\u00ed, Dive-Xtras, XAdventurer","url":"https:\/\/www.octopus-rk.cz\/","logo":{"@type":"ImageObject","inLanguage":"en-GB","@id":"https:\/\/www.octopus-rk.cz\/#\/schema\/logo\/image\/","url":"https:\/\/www.octopus-rk.cz\/wp-content\/uploads\/2022\/09\/cropped-favicon.png","contentUrl":"https:\/\/www.octopus-rk.cz\/wp-content\/uploads\/2022\/09\/cropped-favicon.png","width":512,"height":512,"caption":"Octopus-rk.cz - \u0161kola pot\u00e1p\u011bn\u00ed, Dive-Xtras, XAdventurer"},"image":{"@id":"https:\/\/www.octopus-rk.cz\/#\/schema\/logo\/image\/"},"sameAs":["https:\/\/www.facebook.com\/octopusrk"]}]}},"_links":{"self":[{"href":"https:\/\/www.octopus-rk.cz\/en\/wp-json\/wp\/v2\/product\/34126"}],"collection":[{"href":"https:\/\/www.octopus-rk.cz\/en\/wp-json\/wp\/v2\/product"}],"about":[{"href":"https:\/\/www.octopus-rk.cz\/en\/wp-json\/wp\/v2\/types\/product"}],"replies":[{"embeddable":true,"href":"https:\/\/www.octopus-rk.cz\/en\/wp-json\/wp\/v2\/comments?post=34126"}],"wp:featuredmedia":[{"embeddable":true,"href":"https:\/\/www.octopus-rk.cz\/en\/wp-json\/wp\/v2\/media\/34179"}],"wp:attachment":[{"href":"https:\/\/www.octopus-rk.cz\/en\/wp-json\/wp\/v2\/media?parent=34126"}],"wp:term":[{"taxonomy":"product_cat","embeddable":true,"href":"https:\/\/www.octopus-rk.cz\/en\/wp-json\/wp\/v2\/product_cat?post=34126"},{"taxonomy":"product_tag","embeddable":true,"href":"https:\/\/www.octopus-rk.cz\/en\/wp-json\/wp\/v2\/product_tag?post=34126"}],"curies":[{"name":"wp","href":"https:\/\/api.w.org\/{rel}","templated":true}]}}