{"id":32645,"date":"2022-10-01T11:03:14","date_gmt":"2022-10-01T10:03:14","guid":{"rendered":"https:\/\/www.octopus-rk.cz\/?post_type=product&#038;p=32645"},"modified":"2024-02-07T13:22:18","modified_gmt":"2024-02-07T12:22:18","slug":"hlinikova-kulova-spojka-cervena-x-adventurer","status":"publish","type":"product","link":"https:\/\/www.octopus-rk.cz\/en\/produkt\/hlinikova-kulova-spojka-cervena-x-adventurer\/","title":{"rendered":"Hlin\u00edkov\u00e1 kulov\u00e1 spojka (\u010derven\u00e1) X-Adventurer"},"content":{"rendered":"<p>Hlin\u00edkov\u00e1 kulov\u00e1 spojka (\u010derven\u00e1) X-Adventurer<\/p>\n<p>D\u00e9lka: 70mm Efektivn\u00ed d\u00e9lka: 46mm Pru\u017eina z nerezov\u00e9 oceli, \u0161roubov\u00fd z\u00e1vit<\/p>\n","protected":false},"excerpt":{"rendered":"<p>Hlin\u00edkov\u00e1 kulov\u00e1 spojka (\u010derven\u00e1) X-Adventurer<\/p>\n<p>D\u00e9lka: 70mm Efektivn\u00ed d\u00e9lka: 46mm Pru\u017eina z nerezov\u00e9 oceli, \u0161roubov\u00fd z\u00e1vit<\/p>\n","protected":false},"featured_media":32366,"comment_status":"closed","ping_status":"closed","template":"","meta":[],"product_cat":[37,43],"product_tag":[56],"yoast_head":"<!-- This site is optimized with the Yoast SEO plugin v20.1 - https:\/\/yoast.com\/wordpress\/plugins\/seo\/ -->\n<title>Hlin\u00edkov\u00e1 kulov\u00e1 spojka (\u010derven\u00e1) X-Adventurer - Octopus-rk.cz - \u0161kola pot\u00e1p\u011bn\u00ed, Dive-Xtras, XAdventurer<\/title>\n<meta name=\"robots\" content=\"index, follow, max-snippet:-1, max-image-preview:large, max-video-preview:-1\" \/>\n<link rel=\"canonical\" href=\"https:\/\/www.octopus-rk.cz\/produkt\/hlinikova-kulova-spojka-cervena-x-adventurer\/\" \/>\n<meta property=\"og:locale\" content=\"en_GB\" \/>\n<meta property=\"og:type\" content=\"article\" \/>\n<meta property=\"og:title\" content=\"Hlin\u00edkov\u00e1 kulov\u00e1 spojka (\u010derven\u00e1) X-Adventurer - Octopus-rk.cz - \u0161kola pot\u00e1p\u011bn\u00ed, Dive-Xtras, XAdventurer\" \/>\n<meta property=\"og:description\" content=\"Hlin\u00edkov\u00e1 kulov\u00e1 spojka (\u010derven\u00e1) X-Adventurer  D\u00e9lka: 70mm Efektivn\u00ed d\u00e9lka: 46mm Pru\u017eina z nerezov\u00e9 oceli, \u0161roubov\u00fd z\u00e1vit\" \/>\n<meta property=\"og:url\" content=\"https:\/\/www.octopus-rk.cz\/produkt\/hlinikova-kulova-spojka-cervena-x-adventurer\/\" \/>\n<meta property=\"og:site_name\" content=\"Octopus-rk.cz - \u0161kola pot\u00e1p\u011bn\u00ed, Dive-Xtras, XAdventurer\" \/>\n<meta property=\"article:publisher\" content=\"https:\/\/www.facebook.com\/octopusrk\" \/>\n<meta property=\"article:modified_time\" content=\"2024-02-07T12:22:18+00:00\" \/>\n<meta property=\"og:image\" content=\"https:\/\/www.octopus-rk.cz\/wp-content\/uploads\/2022\/09\/CL-01R-800x800-1.jpg\" \/>\n\t<meta property=\"og:image:width\" content=\"800\" \/>\n\t<meta property=\"og:image:height\" content=\"800\" \/>\n\t<meta property=\"og:image:type\" content=\"image\/jpeg\" \/>\n<meta name=\"twitter:card\" content=\"summary_large_image\" \/>\n<meta name=\"twitter:label1\" content=\"Est. reading time\" \/>\n\t<meta name=\"twitter:data1\" content=\"1 minute\" \/>\n<script type=\"application\/ld+json\" class=\"yoast-schema-graph\">{\"@context\":\"https:\/\/schema.org\",\"@graph\":[{\"@type\":\"WebPage\",\"@id\":\"https:\/\/www.octopus-rk.cz\/produkt\/hlinikova-kulova-spojka-cervena-x-adventurer\/\",\"url\":\"https:\/\/www.octopus-rk.cz\/produkt\/hlinikova-kulova-spojka-cervena-x-adventurer\/\",\"name\":\"Hlin\u00edkov\u00e1 kulov\u00e1 spojka (\u010derven\u00e1) X-Adventurer - Octopus-rk.cz - \u0161kola pot\u00e1p\u011bn\u00ed, Dive-Xtras, XAdventurer\",\"isPartOf\":{\"@id\":\"https:\/\/www.octopus-rk.cz\/#website\"},\"datePublished\":\"2022-10-01T10:03:14+00:00\",\"dateModified\":\"2024-02-07T12:22:18+00:00\",\"breadcrumb\":{\"@id\":\"https:\/\/www.octopus-rk.cz\/produkt\/hlinikova-kulova-spojka-cervena-x-adventurer\/#breadcrumb\"},\"inLanguage\":\"en-GB\",\"potentialAction\":[{\"@type\":\"ReadAction\",\"target\":[\"https:\/\/www.octopus-rk.cz\/produkt\/hlinikova-kulova-spojka-cervena-x-adventurer\/\"]}]},{\"@type\":\"BreadcrumbList\",\"@id\":\"https:\/\/www.octopus-rk.cz\/produkt\/hlinikova-kulova-spojka-cervena-x-adventurer\/#breadcrumb\",\"itemListElement\":[{\"@type\":\"ListItem\",\"position\":1,\"name\":\"Home\",\"item\":\"https:\/\/www.octopus-rk.cz\/\"},{\"@type\":\"ListItem\",\"position\":2,\"name\":\"Hlin\u00edkov\u00e1 kulov\u00e1 spojka (\u010derven\u00e1) X-Adventurer\"}]},{\"@type\":\"WebSite\",\"@id\":\"https:\/\/www.octopus-rk.cz\/#website\",\"url\":\"https:\/\/www.octopus-rk.cz\/\",\"name\":\"Octopus-rk.cz - \u0161kola pot\u00e1p\u011bn\u00ed, Dive-Xtras, XAdventurer\",\"description\":\"pot\u00e1p\u011bn\u00ed, \u0161kola pot\u00e1p\u011bn\u00ed, kurzy pot\u00e1p\u011bn\u00ed, servis pot\u00e1p\u011b\u010dsk\u00e9 techniky,velkoobchod,maloobchod\",\"publisher\":{\"@id\":\"https:\/\/www.octopus-rk.cz\/#organization\"},\"potentialAction\":[{\"@type\":\"SearchAction\",\"target\":{\"@type\":\"EntryPoint\",\"urlTemplate\":\"https:\/\/www.octopus-rk.cz\/?s={search_term_string}\"},\"query-input\":\"required name=search_term_string\"}],\"inLanguage\":\"en-GB\"},{\"@type\":\"Organization\",\"@id\":\"https:\/\/www.octopus-rk.cz\/#organization\",\"name\":\"Octopus-rk.cz - \u0161kola pot\u00e1p\u011bn\u00ed, Dive-Xtras, XAdventurer\",\"url\":\"https:\/\/www.octopus-rk.cz\/\",\"logo\":{\"@type\":\"ImageObject\",\"inLanguage\":\"en-GB\",\"@id\":\"https:\/\/www.octopus-rk.cz\/#\/schema\/logo\/image\/\",\"url\":\"https:\/\/www.octopus-rk.cz\/wp-content\/uploads\/2022\/09\/cropped-favicon.png\",\"contentUrl\":\"https:\/\/www.octopus-rk.cz\/wp-content\/uploads\/2022\/09\/cropped-favicon.png\",\"width\":512,\"height\":512,\"caption\":\"Octopus-rk.cz - \u0161kola pot\u00e1p\u011bn\u00ed, Dive-Xtras, XAdventurer\"},\"image\":{\"@id\":\"https:\/\/www.octopus-rk.cz\/#\/schema\/logo\/image\/\"},\"sameAs\":[\"https:\/\/www.facebook.com\/octopusrk\"]}]}<\/script>\n<!-- \/ Yoast SEO plugin. -->","yoast_head_json":{"title":"Hlin\u00edkov\u00e1 kulov\u00e1 spojka (\u010derven\u00e1) X-Adventurer - Octopus-rk.cz - \u0161kola pot\u00e1p\u011bn\u00ed, Dive-Xtras, XAdventurer","robots":{"index":"index","follow":"follow","max-snippet":"max-snippet:-1","max-image-preview":"max-image-preview:large","max-video-preview":"max-video-preview:-1"},"canonical":"https:\/\/www.octopus-rk.cz\/produkt\/hlinikova-kulova-spojka-cervena-x-adventurer\/","og_locale":"en_GB","og_type":"article","og_title":"Hlin\u00edkov\u00e1 kulov\u00e1 spojka (\u010derven\u00e1) X-Adventurer - Octopus-rk.cz - \u0161kola pot\u00e1p\u011bn\u00ed, Dive-Xtras, XAdventurer","og_description":"Hlin\u00edkov\u00e1 kulov\u00e1 spojka (\u010derven\u00e1) X-Adventurer  D\u00e9lka: 70mm Efektivn\u00ed d\u00e9lka: 46mm Pru\u017eina z nerezov\u00e9 oceli, \u0161roubov\u00fd z\u00e1vit","og_url":"https:\/\/www.octopus-rk.cz\/produkt\/hlinikova-kulova-spojka-cervena-x-adventurer\/","og_site_name":"Octopus-rk.cz - \u0161kola pot\u00e1p\u011bn\u00ed, Dive-Xtras, XAdventurer","article_publisher":"https:\/\/www.facebook.com\/octopusrk","article_modified_time":"2024-02-07T12:22:18+00:00","og_image":[{"width":800,"height":800,"url":"https:\/\/www.octopus-rk.cz\/wp-content\/uploads\/2022\/09\/CL-01R-800x800-1.jpg","type":"image\/jpeg"}],"twitter_card":"summary_large_image","twitter_misc":{"Est. reading time":"1 minute"},"schema":{"@context":"https:\/\/schema.org","@graph":[{"@type":"WebPage","@id":"https:\/\/www.octopus-rk.cz\/produkt\/hlinikova-kulova-spojka-cervena-x-adventurer\/","url":"https:\/\/www.octopus-rk.cz\/produkt\/hlinikova-kulova-spojka-cervena-x-adventurer\/","name":"Hlin\u00edkov\u00e1 kulov\u00e1 spojka (\u010derven\u00e1) X-Adventurer - Octopus-rk.cz - \u0161kola pot\u00e1p\u011bn\u00ed, Dive-Xtras, XAdventurer","isPartOf":{"@id":"https:\/\/www.octopus-rk.cz\/#website"},"datePublished":"2022-10-01T10:03:14+00:00","dateModified":"2024-02-07T12:22:18+00:00","breadcrumb":{"@id":"https:\/\/www.octopus-rk.cz\/produkt\/hlinikova-kulova-spojka-cervena-x-adventurer\/#breadcrumb"},"inLanguage":"en-GB","potentialAction":[{"@type":"ReadAction","target":["https:\/\/www.octopus-rk.cz\/produkt\/hlinikova-kulova-spojka-cervena-x-adventurer\/"]}]},{"@type":"BreadcrumbList","@id":"https:\/\/www.octopus-rk.cz\/produkt\/hlinikova-kulova-spojka-cervena-x-adventurer\/#breadcrumb","itemListElement":[{"@type":"ListItem","position":1,"name":"Home","item":"https:\/\/www.octopus-rk.cz\/"},{"@type":"ListItem","position":2,"name":"Hlin\u00edkov\u00e1 kulov\u00e1 spojka (\u010derven\u00e1) X-Adventurer"}]},{"@type":"WebSite","@id":"https:\/\/www.octopus-rk.cz\/#website","url":"https:\/\/www.octopus-rk.cz\/","name":"Octopus-rk.cz - \u0161kola pot\u00e1p\u011bn\u00ed, Dive-Xtras, XAdventurer","description":"pot\u00e1p\u011bn\u00ed, \u0161kola pot\u00e1p\u011bn\u00ed, kurzy pot\u00e1p\u011bn\u00ed, servis pot\u00e1p\u011b\u010dsk\u00e9 techniky,velkoobchod,maloobchod","publisher":{"@id":"https:\/\/www.octopus-rk.cz\/#organization"},"potentialAction":[{"@type":"SearchAction","target":{"@type":"EntryPoint","urlTemplate":"https:\/\/www.octopus-rk.cz\/?s={search_term_string}"},"query-input":"required name=search_term_string"}],"inLanguage":"en-GB"},{"@type":"Organization","@id":"https:\/\/www.octopus-rk.cz\/#organization","name":"Octopus-rk.cz - \u0161kola pot\u00e1p\u011bn\u00ed, Dive-Xtras, XAdventurer","url":"https:\/\/www.octopus-rk.cz\/","logo":{"@type":"ImageObject","inLanguage":"en-GB","@id":"https:\/\/www.octopus-rk.cz\/#\/schema\/logo\/image\/","url":"https:\/\/www.octopus-rk.cz\/wp-content\/uploads\/2022\/09\/cropped-favicon.png","contentUrl":"https:\/\/www.octopus-rk.cz\/wp-content\/uploads\/2022\/09\/cropped-favicon.png","width":512,"height":512,"caption":"Octopus-rk.cz - \u0161kola pot\u00e1p\u011bn\u00ed, Dive-Xtras, XAdventurer"},"image":{"@id":"https:\/\/www.octopus-rk.cz\/#\/schema\/logo\/image\/"},"sameAs":["https:\/\/www.facebook.com\/octopusrk"]}]}},"_links":{"self":[{"href":"https:\/\/www.octopus-rk.cz\/en\/wp-json\/wp\/v2\/product\/32645"}],"collection":[{"href":"https:\/\/www.octopus-rk.cz\/en\/wp-json\/wp\/v2\/product"}],"about":[{"href":"https:\/\/www.octopus-rk.cz\/en\/wp-json\/wp\/v2\/types\/product"}],"replies":[{"embeddable":true,"href":"https:\/\/www.octopus-rk.cz\/en\/wp-json\/wp\/v2\/comments?post=32645"}],"wp:featuredmedia":[{"embeddable":true,"href":"https:\/\/www.octopus-rk.cz\/en\/wp-json\/wp\/v2\/media\/32366"}],"wp:attachment":[{"href":"https:\/\/www.octopus-rk.cz\/en\/wp-json\/wp\/v2\/media?parent=32645"}],"wp:term":[{"taxonomy":"product_cat","embeddable":true,"href":"https:\/\/www.octopus-rk.cz\/en\/wp-json\/wp\/v2\/product_cat?post=32645"},{"taxonomy":"product_tag","embeddable":true,"href":"https:\/\/www.octopus-rk.cz\/en\/wp-json\/wp\/v2\/product_tag?post=32645"}],"curies":[{"name":"wp","href":"https:\/\/api.w.org\/{rel}","templated":true}]}}