{"id":32411,"date":"2022-09-17T18:12:48","date_gmt":"2022-09-17T17:12:48","guid":{"rendered":"https:\/\/www.octopus-rk.cz\/?post_type=product&#038;p=32411"},"modified":"2024-02-07T14:21:43","modified_gmt":"2024-02-07T13:21:43","slug":"video-svetlo-m15000","status":"publish","type":"product","link":"https:\/\/www.octopus-rk.cz\/en\/produkt\/video-svetlo-m15000\/","title":{"rendered":"Video sv\u011btlo M15000"},"content":{"rendered":"<p><span style=\"font-weight: 400;\">Video sv\u00edtilna X-Adventurer M15000\u00a0<\/span><\/p>\n<p>&nbsp;<\/p>\n<p><span style=\"font-weight: 400;\">Toto video sv\u011btlo je ur\u010deno pro ty, kte\u0159\u00ed cht\u011bj\u00ed svoje videa \u010di fotky posunout na novou \u00farove\u0148.\u00a0<\/span><\/p>\n<p><span style=\"font-weight: 400;\">Sv\u011btlo vynik\u00e1 v\u00fdkonem 15000 lumen\u016f v \u00fahlu 130\u00b0 a spolehliv\u011b tak osv\u00edt\u00ed celou sc\u00e9nu.\u00a0<\/span><\/p>\n<p><span style=\"font-weight: 400;\">S hodnotou CRI 96 se m\u016f\u017eete t\u011b\u0161it na opravdu p\u0159irozen\u00e9 barvy.\u00a0<\/span><\/p>\n<p>&nbsp;<\/p>\n<p><span style=\"font-weight: 400;\">Sv\u011btlo takt\u00e9\u017e podporuje d\u00e1lkov\u00e9 ovl\u00e1d\u00e1n\u00ed optick\u00fdm kabelem.<\/span><\/p>\n<p>&nbsp;<\/p>\n<p>Parametry:<\/p>\n<p><strong>Sv\u011bteln\u00fd \u00fahel:<\/strong> <span style=\"font-weight: 400;\"> 130\u00b0<\/span><\/p>\n<p><strong>Teplota barev \/Index pod\u00e1n\u00ed barev:<\/strong> <span style=\"font-weight: 400;\"> 5600K \/ Ra96 \/ TCLI:97 \/ R9:94<\/span><\/p>\n<p><strong>Celkov\u00fd sv\u011bteln\u00fd tok \/ doba svitu:<\/strong> <span style=\"font-weight: 400;\"> 15000lm (10 \u00farovn\u00ed jasu) @45min.<\/span><\/p>\n<p><strong>Indikace stavu nabit\u00ed baterie:<\/strong> <span style=\"font-weight: 400;\"> (80 % ~ 100 %) Modr\u00e1 barva, <\/span><span style=\"font-weight: 400;\">(15% ~ 80%) Zelen\u00e1, <\/span><span style=\"font-weight: 400;\">(1% ~ 15%) \u010cerven\u00e1, <\/span><span style=\"font-weight: 400;\">(1 % nebo m\u00e9n\u011b) Z\u00e1bleskov\u00e1 \u010derven\u00e1<\/span><\/p>\n<p><strong>Zp\u016fsoby ovl\u00e1d\u00e1n\u00ed:<\/strong> <span style=\"font-weight: 400;\"> Nastavovac\u00ed knofl\u00edk + tla\u010d\u00edtko re\u017eimu<\/span><\/p>\n<p><strong>Nap\u00e1jen\u00ed:<\/strong> <span style=\"font-weight: 400;\"> Dob\u00edjec\u00ed li-ion baterie, 6800 mAh, 100Wh<\/span><\/p>\n<p><strong>Hloubka:<\/strong> <span style=\"font-weight: 400;\"> 150m, IPX8 (t\u0159\u00edda ochrany JIS 8)<\/span><\/p>\n<p><strong>Rozm\u011bry:<\/strong> <span style=\"font-weight: 400;\"> Max. \u00f873 mm x 205 mm (bez v\u00fdstupk\u016f)<\/span><\/p>\n<p><strong>Hmotnost:<\/strong> 9<span style=\"font-weight: 400;\">60 g na sou\u0161i, 480 g pod vodou<\/span><\/p>\n<p><strong>Materi\u00e1l:<\/strong> <span style=\"font-weight: 400;\"> Antikorozn\u00ed hlin\u00edkov\u00e1 slitina<\/span><\/p>\n<p>&nbsp;<\/p>\n<p><span style=\"font-weight: 400;\">Dod\u00e1van\u00e9 polo\u017eky 1 x Li-ion baterie, 1 x AC adapt\u00e9r, 1 x YS adapt\u00e9r, 1 x kulov\u00fd adapt\u00e9r, 2 x n\u00e1hradn\u00ed O-krou\u017eky, 1 x cestovn\u00ed pouzdro<\/span><\/p>\n<p>&nbsp;<\/p>\n","protected":false},"excerpt":{"rendered":"<p><span style=\"font-weight: 400;\">Toto video sv\u011btlo je ur\u010deno pro ty, kte\u0159\u00ed cht\u011bj\u00ed svoje videa \u010di fotky posunout na novou \u00farove\u0148. V\u00fdkon kter\u00fd dlouho nab\u00edzely sv\u011btla pro profesion\u00e1ln\u00ed pou\u017eit\u00ed m\u016f\u017eete m\u00edt nyn\u00ed i vy.<\/span><\/p>\n","protected":false},"featured_media":32407,"comment_status":"closed","ping_status":"closed","template":"","meta":[],"product_cat":[37,41],"product_tag":[56],"yoast_head":"<!-- This site is optimized with the Yoast SEO plugin v20.1 - https:\/\/yoast.com\/wordpress\/plugins\/seo\/ -->\n<title>Video sv\u011btlo M15000 - Octopus-rk.cz - \u0161kola pot\u00e1p\u011bn\u00ed, Dive-Xtras, XAdventurer<\/title>\n<meta name=\"robots\" content=\"index, follow, max-snippet:-1, max-image-preview:large, max-video-preview:-1\" \/>\n<link rel=\"canonical\" href=\"https:\/\/www.octopus-rk.cz\/produkt\/video-svetlo-m15000\/\" \/>\n<meta property=\"og:locale\" content=\"en_GB\" \/>\n<meta property=\"og:type\" content=\"article\" \/>\n<meta property=\"og:title\" content=\"Video sv\u011btlo M15000 - Octopus-rk.cz - \u0161kola pot\u00e1p\u011bn\u00ed, Dive-Xtras, XAdventurer\" \/>\n<meta property=\"og:description\" content=\"Toto video sv\u011btlo je ur\u010deno pro ty, kte\u0159\u00ed cht\u011bj\u00ed svoje videa \u010di fotky posunout na novou \u00farove\u0148. V\u00fdkon kter\u00fd dlouho nab\u00edzely sv\u011btla pro profesion\u00e1ln\u00ed pou\u017eit\u00ed m\u016f\u017eete m\u00edt nyn\u00ed i vy.\" \/>\n<meta property=\"og:url\" content=\"https:\/\/www.octopus-rk.cz\/produkt\/video-svetlo-m15000\/\" \/>\n<meta property=\"og:site_name\" content=\"Octopus-rk.cz - \u0161kola pot\u00e1p\u011bn\u00ed, Dive-Xtras, XAdventurer\" \/>\n<meta property=\"article:publisher\" content=\"https:\/\/www.facebook.com\/octopusrk\" \/>\n<meta property=\"article:modified_time\" content=\"2024-02-07T13:21:43+00:00\" \/>\n<meta property=\"og:image\" content=\"https:\/\/www.octopus-rk.cz\/wp-content\/uploads\/2022\/09\/M15000-WA-500x500-2.jpg\" \/>\n\t<meta property=\"og:image:width\" content=\"500\" \/>\n\t<meta property=\"og:image:height\" content=\"500\" \/>\n\t<meta property=\"og:image:type\" content=\"image\/jpeg\" \/>\n<meta name=\"twitter:card\" content=\"summary_large_image\" \/>\n<meta name=\"twitter:label1\" content=\"Est. reading time\" \/>\n\t<meta name=\"twitter:data1\" content=\"1 minute\" \/>\n<script type=\"application\/ld+json\" class=\"yoast-schema-graph\">{\"@context\":\"https:\/\/schema.org\",\"@graph\":[{\"@type\":\"WebPage\",\"@id\":\"https:\/\/www.octopus-rk.cz\/produkt\/video-svetlo-m15000\/\",\"url\":\"https:\/\/www.octopus-rk.cz\/produkt\/video-svetlo-m15000\/\",\"name\":\"Video sv\u011btlo M15000 - Octopus-rk.cz - \u0161kola pot\u00e1p\u011bn\u00ed, Dive-Xtras, XAdventurer\",\"isPartOf\":{\"@id\":\"https:\/\/www.octopus-rk.cz\/#website\"},\"datePublished\":\"2022-09-17T17:12:48+00:00\",\"dateModified\":\"2024-02-07T13:21:43+00:00\",\"breadcrumb\":{\"@id\":\"https:\/\/www.octopus-rk.cz\/produkt\/video-svetlo-m15000\/#breadcrumb\"},\"inLanguage\":\"en-GB\",\"potentialAction\":[{\"@type\":\"ReadAction\",\"target\":[\"https:\/\/www.octopus-rk.cz\/produkt\/video-svetlo-m15000\/\"]}]},{\"@type\":\"BreadcrumbList\",\"@id\":\"https:\/\/www.octopus-rk.cz\/produkt\/video-svetlo-m15000\/#breadcrumb\",\"itemListElement\":[{\"@type\":\"ListItem\",\"position\":1,\"name\":\"Home\",\"item\":\"https:\/\/www.octopus-rk.cz\/\"},{\"@type\":\"ListItem\",\"position\":2,\"name\":\"Video sv\u011btlo M15000\"}]},{\"@type\":\"WebSite\",\"@id\":\"https:\/\/www.octopus-rk.cz\/#website\",\"url\":\"https:\/\/www.octopus-rk.cz\/\",\"name\":\"Octopus-rk.cz - \u0161kola pot\u00e1p\u011bn\u00ed, Dive-Xtras, XAdventurer\",\"description\":\"pot\u00e1p\u011bn\u00ed, \u0161kola pot\u00e1p\u011bn\u00ed, kurzy pot\u00e1p\u011bn\u00ed, servis pot\u00e1p\u011b\u010dsk\u00e9 techniky,velkoobchod,maloobchod\",\"publisher\":{\"@id\":\"https:\/\/www.octopus-rk.cz\/#organization\"},\"potentialAction\":[{\"@type\":\"SearchAction\",\"target\":{\"@type\":\"EntryPoint\",\"urlTemplate\":\"https:\/\/www.octopus-rk.cz\/?s={search_term_string}\"},\"query-input\":\"required name=search_term_string\"}],\"inLanguage\":\"en-GB\"},{\"@type\":\"Organization\",\"@id\":\"https:\/\/www.octopus-rk.cz\/#organization\",\"name\":\"Octopus-rk.cz - \u0161kola pot\u00e1p\u011bn\u00ed, Dive-Xtras, XAdventurer\",\"url\":\"https:\/\/www.octopus-rk.cz\/\",\"logo\":{\"@type\":\"ImageObject\",\"inLanguage\":\"en-GB\",\"@id\":\"https:\/\/www.octopus-rk.cz\/#\/schema\/logo\/image\/\",\"url\":\"https:\/\/www.octopus-rk.cz\/wp-content\/uploads\/2022\/09\/cropped-favicon.png\",\"contentUrl\":\"https:\/\/www.octopus-rk.cz\/wp-content\/uploads\/2022\/09\/cropped-favicon.png\",\"width\":512,\"height\":512,\"caption\":\"Octopus-rk.cz - \u0161kola pot\u00e1p\u011bn\u00ed, Dive-Xtras, XAdventurer\"},\"image\":{\"@id\":\"https:\/\/www.octopus-rk.cz\/#\/schema\/logo\/image\/\"},\"sameAs\":[\"https:\/\/www.facebook.com\/octopusrk\"]}]}<\/script>\n<!-- \/ Yoast SEO plugin. -->","yoast_head_json":{"title":"Video sv\u011btlo M15000 - Octopus-rk.cz - \u0161kola pot\u00e1p\u011bn\u00ed, Dive-Xtras, XAdventurer","robots":{"index":"index","follow":"follow","max-snippet":"max-snippet:-1","max-image-preview":"max-image-preview:large","max-video-preview":"max-video-preview:-1"},"canonical":"https:\/\/www.octopus-rk.cz\/produkt\/video-svetlo-m15000\/","og_locale":"en_GB","og_type":"article","og_title":"Video sv\u011btlo M15000 - Octopus-rk.cz - \u0161kola pot\u00e1p\u011bn\u00ed, Dive-Xtras, XAdventurer","og_description":"Toto video sv\u011btlo je ur\u010deno pro ty, kte\u0159\u00ed cht\u011bj\u00ed svoje videa \u010di fotky posunout na novou \u00farove\u0148. V\u00fdkon kter\u00fd dlouho nab\u00edzely sv\u011btla pro profesion\u00e1ln\u00ed pou\u017eit\u00ed m\u016f\u017eete m\u00edt nyn\u00ed i vy.","og_url":"https:\/\/www.octopus-rk.cz\/produkt\/video-svetlo-m15000\/","og_site_name":"Octopus-rk.cz - \u0161kola pot\u00e1p\u011bn\u00ed, Dive-Xtras, XAdventurer","article_publisher":"https:\/\/www.facebook.com\/octopusrk","article_modified_time":"2024-02-07T13:21:43+00:00","og_image":[{"width":500,"height":500,"url":"https:\/\/www.octopus-rk.cz\/wp-content\/uploads\/2022\/09\/M15000-WA-500x500-2.jpg","type":"image\/jpeg"}],"twitter_card":"summary_large_image","twitter_misc":{"Est. reading time":"1 minute"},"schema":{"@context":"https:\/\/schema.org","@graph":[{"@type":"WebPage","@id":"https:\/\/www.octopus-rk.cz\/produkt\/video-svetlo-m15000\/","url":"https:\/\/www.octopus-rk.cz\/produkt\/video-svetlo-m15000\/","name":"Video sv\u011btlo M15000 - Octopus-rk.cz - \u0161kola pot\u00e1p\u011bn\u00ed, Dive-Xtras, XAdventurer","isPartOf":{"@id":"https:\/\/www.octopus-rk.cz\/#website"},"datePublished":"2022-09-17T17:12:48+00:00","dateModified":"2024-02-07T13:21:43+00:00","breadcrumb":{"@id":"https:\/\/www.octopus-rk.cz\/produkt\/video-svetlo-m15000\/#breadcrumb"},"inLanguage":"en-GB","potentialAction":[{"@type":"ReadAction","target":["https:\/\/www.octopus-rk.cz\/produkt\/video-svetlo-m15000\/"]}]},{"@type":"BreadcrumbList","@id":"https:\/\/www.octopus-rk.cz\/produkt\/video-svetlo-m15000\/#breadcrumb","itemListElement":[{"@type":"ListItem","position":1,"name":"Home","item":"https:\/\/www.octopus-rk.cz\/"},{"@type":"ListItem","position":2,"name":"Video sv\u011btlo M15000"}]},{"@type":"WebSite","@id":"https:\/\/www.octopus-rk.cz\/#website","url":"https:\/\/www.octopus-rk.cz\/","name":"Octopus-rk.cz - \u0161kola pot\u00e1p\u011bn\u00ed, Dive-Xtras, XAdventurer","description":"pot\u00e1p\u011bn\u00ed, \u0161kola pot\u00e1p\u011bn\u00ed, kurzy pot\u00e1p\u011bn\u00ed, servis pot\u00e1p\u011b\u010dsk\u00e9 techniky,velkoobchod,maloobchod","publisher":{"@id":"https:\/\/www.octopus-rk.cz\/#organization"},"potentialAction":[{"@type":"SearchAction","target":{"@type":"EntryPoint","urlTemplate":"https:\/\/www.octopus-rk.cz\/?s={search_term_string}"},"query-input":"required name=search_term_string"}],"inLanguage":"en-GB"},{"@type":"Organization","@id":"https:\/\/www.octopus-rk.cz\/#organization","name":"Octopus-rk.cz - \u0161kola pot\u00e1p\u011bn\u00ed, Dive-Xtras, XAdventurer","url":"https:\/\/www.octopus-rk.cz\/","logo":{"@type":"ImageObject","inLanguage":"en-GB","@id":"https:\/\/www.octopus-rk.cz\/#\/schema\/logo\/image\/","url":"https:\/\/www.octopus-rk.cz\/wp-content\/uploads\/2022\/09\/cropped-favicon.png","contentUrl":"https:\/\/www.octopus-rk.cz\/wp-content\/uploads\/2022\/09\/cropped-favicon.png","width":512,"height":512,"caption":"Octopus-rk.cz - \u0161kola pot\u00e1p\u011bn\u00ed, Dive-Xtras, XAdventurer"},"image":{"@id":"https:\/\/www.octopus-rk.cz\/#\/schema\/logo\/image\/"},"sameAs":["https:\/\/www.facebook.com\/octopusrk"]}]}},"_links":{"self":[{"href":"https:\/\/www.octopus-rk.cz\/en\/wp-json\/wp\/v2\/product\/32411"}],"collection":[{"href":"https:\/\/www.octopus-rk.cz\/en\/wp-json\/wp\/v2\/product"}],"about":[{"href":"https:\/\/www.octopus-rk.cz\/en\/wp-json\/wp\/v2\/types\/product"}],"replies":[{"embeddable":true,"href":"https:\/\/www.octopus-rk.cz\/en\/wp-json\/wp\/v2\/comments?post=32411"}],"wp:featuredmedia":[{"embeddable":true,"href":"https:\/\/www.octopus-rk.cz\/en\/wp-json\/wp\/v2\/media\/32407"}],"wp:attachment":[{"href":"https:\/\/www.octopus-rk.cz\/en\/wp-json\/wp\/v2\/media?parent=32411"}],"wp:term":[{"taxonomy":"product_cat","embeddable":true,"href":"https:\/\/www.octopus-rk.cz\/en\/wp-json\/wp\/v2\/product_cat?post=32411"},{"taxonomy":"product_tag","embeddable":true,"href":"https:\/\/www.octopus-rk.cz\/en\/wp-json\/wp\/v2\/product_tag?post=32411"}],"curies":[{"name":"wp","href":"https:\/\/api.w.org\/{rel}","templated":true}]}}