{"id":22255,"date":"2018-08-10T18:21:52","date_gmt":"2018-08-10T17:21:52","guid":{"rendered":"https:\/\/www.octopus-rk.cz\/?page_id=22255"},"modified":"2023-04-05T16:17:48","modified_gmt":"2023-04-05T15:17:48","slug":"uvod","status":"publish","type":"page","link":"https:\/\/www.octopus-rk.cz\/en\/","title":{"rendered":"Home"},"content":{"rendered":"","protected":false},"excerpt":{"rendered":"","protected":false},"author":2,"featured_media":0,"parent":0,"menu_order":1,"comment_status":"closed","ping_status":"closed","template":"page-home.php","meta":[],"yoast_head":"<!-- This site is optimized with the Yoast SEO plugin v20.1 - https:\/\/yoast.com\/wordpress\/plugins\/seo\/ -->\n<title>\u00davod - Octopus-rk.cz - \u0161kola pot\u00e1p\u011bn\u00ed, Dive-Xtras, XAdventurer<\/title>\n<meta name=\"robots\" content=\"index, follow, max-snippet:-1, max-image-preview:large, max-video-preview:-1\" \/>\n<link rel=\"canonical\" href=\"https:\/\/www.octopus-rk.cz\/\" \/>\n<meta property=\"og:locale\" content=\"en_GB\" \/>\n<meta property=\"og:type\" content=\"article\" \/>\n<meta property=\"og:title\" content=\"\u00davod - Octopus-rk.cz - \u0161kola pot\u00e1p\u011bn\u00ed, Dive-Xtras, XAdventurer\" \/>\n<meta property=\"og:url\" content=\"https:\/\/www.octopus-rk.cz\/\" \/>\n<meta property=\"og:site_name\" content=\"Octopus-rk.cz - \u0161kola pot\u00e1p\u011bn\u00ed, Dive-Xtras, XAdventurer\" \/>\n<meta property=\"article:publisher\" content=\"https:\/\/www.facebook.com\/octopusrk\" \/>\n<meta property=\"article:modified_time\" content=\"2023-04-05T15:17:48+00:00\" \/>\n<meta name=\"twitter:card\" content=\"summary_large_image\" \/>\n<script type=\"application\/ld+json\" class=\"yoast-schema-graph\">{\"@context\":\"https:\/\/schema.org\",\"@graph\":[{\"@type\":\"WebPage\",\"@id\":\"https:\/\/www.octopus-rk.cz\/\",\"url\":\"https:\/\/www.octopus-rk.cz\/\",\"name\":\"\u00davod - Octopus-rk.cz - \u0161kola pot\u00e1p\u011bn\u00ed, Dive-Xtras, XAdventurer\",\"isPartOf\":{\"@id\":\"https:\/\/www.octopus-rk.cz\/#website\"},\"datePublished\":\"2018-08-10T17:21:52+00:00\",\"dateModified\":\"2023-04-05T15:17:48+00:00\",\"breadcrumb\":{\"@id\":\"https:\/\/www.octopus-rk.cz\/#breadcrumb\"},\"inLanguage\":\"en-GB\",\"potentialAction\":[{\"@type\":\"ReadAction\",\"target\":[\"https:\/\/www.octopus-rk.cz\/\"]}]},{\"@type\":\"BreadcrumbList\",\"@id\":\"https:\/\/www.octopus-rk.cz\/#breadcrumb\",\"itemListElement\":[{\"@type\":\"ListItem\",\"position\":1,\"name\":\"Home\",\"item\":\"https:\/\/www.octopus-rk.cz\/\"},{\"@type\":\"ListItem\",\"position\":2,\"name\":\"\u00davod\"}]},{\"@type\":\"WebSite\",\"@id\":\"https:\/\/www.octopus-rk.cz\/#website\",\"url\":\"https:\/\/www.octopus-rk.cz\/\",\"name\":\"Octopus-rk.cz - \u0161kola pot\u00e1p\u011bn\u00ed, Dive-Xtras, XAdventurer\",\"description\":\"pot\u00e1p\u011bn\u00ed, \u0161kola pot\u00e1p\u011bn\u00ed, kurzy pot\u00e1p\u011bn\u00ed, servis pot\u00e1p\u011b\u010dsk\u00e9 techniky,velkoobchod,maloobchod\",\"publisher\":{\"@id\":\"https:\/\/www.octopus-rk.cz\/#organization\"},\"potentialAction\":[{\"@type\":\"SearchAction\",\"target\":{\"@type\":\"EntryPoint\",\"urlTemplate\":\"https:\/\/www.octopus-rk.cz\/?s={search_term_string}\"},\"query-input\":\"required name=search_term_string\"}],\"inLanguage\":\"en-GB\"},{\"@type\":\"Organization\",\"@id\":\"https:\/\/www.octopus-rk.cz\/#organization\",\"name\":\"Octopus-rk.cz - \u0161kola pot\u00e1p\u011bn\u00ed, Dive-Xtras, XAdventurer\",\"url\":\"https:\/\/www.octopus-rk.cz\/\",\"logo\":{\"@type\":\"ImageObject\",\"inLanguage\":\"en-GB\",\"@id\":\"https:\/\/www.octopus-rk.cz\/#\/schema\/logo\/image\/\",\"url\":\"https:\/\/www.octopus-rk.cz\/wp-content\/uploads\/2022\/09\/cropped-favicon.png\",\"contentUrl\":\"https:\/\/www.octopus-rk.cz\/wp-content\/uploads\/2022\/09\/cropped-favicon.png\",\"width\":512,\"height\":512,\"caption\":\"Octopus-rk.cz - \u0161kola pot\u00e1p\u011bn\u00ed, Dive-Xtras, XAdventurer\"},\"image\":{\"@id\":\"https:\/\/www.octopus-rk.cz\/#\/schema\/logo\/image\/\"},\"sameAs\":[\"https:\/\/www.facebook.com\/octopusrk\"]}]}<\/script>\n<!-- \/ Yoast SEO plugin. -->","yoast_head_json":{"title":"\u00davod - Octopus-rk.cz - \u0161kola pot\u00e1p\u011bn\u00ed, Dive-Xtras, XAdventurer","robots":{"index":"index","follow":"follow","max-snippet":"max-snippet:-1","max-image-preview":"max-image-preview:large","max-video-preview":"max-video-preview:-1"},"canonical":"https:\/\/www.octopus-rk.cz\/","og_locale":"en_GB","og_type":"article","og_title":"\u00davod - Octopus-rk.cz - \u0161kola pot\u00e1p\u011bn\u00ed, Dive-Xtras, XAdventurer","og_url":"https:\/\/www.octopus-rk.cz\/","og_site_name":"Octopus-rk.cz - \u0161kola pot\u00e1p\u011bn\u00ed, Dive-Xtras, XAdventurer","article_publisher":"https:\/\/www.facebook.com\/octopusrk","article_modified_time":"2023-04-05T15:17:48+00:00","twitter_card":"summary_large_image","schema":{"@context":"https:\/\/schema.org","@graph":[{"@type":"WebPage","@id":"https:\/\/www.octopus-rk.cz\/","url":"https:\/\/www.octopus-rk.cz\/","name":"\u00davod - Octopus-rk.cz - \u0161kola pot\u00e1p\u011bn\u00ed, Dive-Xtras, XAdventurer","isPartOf":{"@id":"https:\/\/www.octopus-rk.cz\/#website"},"datePublished":"2018-08-10T17:21:52+00:00","dateModified":"2023-04-05T15:17:48+00:00","breadcrumb":{"@id":"https:\/\/www.octopus-rk.cz\/#breadcrumb"},"inLanguage":"en-GB","potentialAction":[{"@type":"ReadAction","target":["https:\/\/www.octopus-rk.cz\/"]}]},{"@type":"BreadcrumbList","@id":"https:\/\/www.octopus-rk.cz\/#breadcrumb","itemListElement":[{"@type":"ListItem","position":1,"name":"Home","item":"https:\/\/www.octopus-rk.cz\/"},{"@type":"ListItem","position":2,"name":"\u00davod"}]},{"@type":"WebSite","@id":"https:\/\/www.octopus-rk.cz\/#website","url":"https:\/\/www.octopus-rk.cz\/","name":"Octopus-rk.cz - \u0161kola pot\u00e1p\u011bn\u00ed, Dive-Xtras, XAdventurer","description":"pot\u00e1p\u011bn\u00ed, \u0161kola pot\u00e1p\u011bn\u00ed, kurzy pot\u00e1p\u011bn\u00ed, servis pot\u00e1p\u011b\u010dsk\u00e9 techniky,velkoobchod,maloobchod","publisher":{"@id":"https:\/\/www.octopus-rk.cz\/#organization"},"potentialAction":[{"@type":"SearchAction","target":{"@type":"EntryPoint","urlTemplate":"https:\/\/www.octopus-rk.cz\/?s={search_term_string}"},"query-input":"required name=search_term_string"}],"inLanguage":"en-GB"},{"@type":"Organization","@id":"https:\/\/www.octopus-rk.cz\/#organization","name":"Octopus-rk.cz - \u0161kola pot\u00e1p\u011bn\u00ed, Dive-Xtras, XAdventurer","url":"https:\/\/www.octopus-rk.cz\/","logo":{"@type":"ImageObject","inLanguage":"en-GB","@id":"https:\/\/www.octopus-rk.cz\/#\/schema\/logo\/image\/","url":"https:\/\/www.octopus-rk.cz\/wp-content\/uploads\/2022\/09\/cropped-favicon.png","contentUrl":"https:\/\/www.octopus-rk.cz\/wp-content\/uploads\/2022\/09\/cropped-favicon.png","width":512,"height":512,"caption":"Octopus-rk.cz - \u0161kola pot\u00e1p\u011bn\u00ed, Dive-Xtras, XAdventurer"},"image":{"@id":"https:\/\/www.octopus-rk.cz\/#\/schema\/logo\/image\/"},"sameAs":["https:\/\/www.facebook.com\/octopusrk"]}]}},"_links":{"self":[{"href":"https:\/\/www.octopus-rk.cz\/en\/wp-json\/wp\/v2\/pages\/22255"}],"collection":[{"href":"https:\/\/www.octopus-rk.cz\/en\/wp-json\/wp\/v2\/pages"}],"about":[{"href":"https:\/\/www.octopus-rk.cz\/en\/wp-json\/wp\/v2\/types\/page"}],"author":[{"embeddable":true,"href":"https:\/\/www.octopus-rk.cz\/en\/wp-json\/wp\/v2\/users\/2"}],"replies":[{"embeddable":true,"href":"https:\/\/www.octopus-rk.cz\/en\/wp-json\/wp\/v2\/comments?post=22255"}],"version-history":[{"count":14,"href":"https:\/\/www.octopus-rk.cz\/en\/wp-json\/wp\/v2\/pages\/22255\/revisions"}],"predecessor-version":[{"id":32970,"href":"https:\/\/www.octopus-rk.cz\/en\/wp-json\/wp\/v2\/pages\/22255\/revisions\/32970"}],"wp:attachment":[{"href":"https:\/\/www.octopus-rk.cz\/en\/wp-json\/wp\/v2\/media?parent=22255"}],"curies":[{"name":"wp","href":"https:\/\/api.w.org\/{rel}","templated":true}]}}